{"id":1052,"date":"2021-06-30T21:04:23","date_gmt":"2021-06-30T21:04:23","guid":{"rendered":"http:\/\/soanw.local\/?page_id=1052"},"modified":"2024-01-19T15:43:39","modified_gmt":"2024-01-19T15:43:39","slug":"home","status":"publish","type":"page","link":"http:\/\/saga-of-a-new-world.com\/de\/","title":{"rendered":"Startseite"},"content":{"rendered":"<section class=\"pos-r section-light is-parallax\"  id=\"shortcode-7434d3a9bfd61ac715004f06e080659a\" >\r\n\t\t\t<div class=\"overlay-color\"><\/div>\r\n\t\t<div class=\"fw-container\">\r\n\t\t<div class=\"fw-row\">\r\n\t\t\t<div id=\"shortcode-19ab3b346799c764e05c06d03c85bd8f\" class=\"fw-col-xs-12 fw-col-sm-12 fw-col-md-12 text-left\" >\r\n\t<div class=\"SpecialHeading fw-heading  text-center mt-20 mb-60  is-wow fadeIn\" id=\"shortcode-0946ef57bf99a0ac0e59b4feb25ccc6e\" data-wow-delay=\"0s\">\r\n\t\t\t\t\t<h1 class=\"special-title special-heading-letter\">SAGE EINER NEUEN WELT<\/h1>\t\t<div class=\"special-subtitle\">Die alte Welt ist untergegangen und aus dem Nebel erhebt sich eine neue<\/div>\r\n\t<\/div><\/div>\r\n<div id=\"shortcode-c5efd485ade9cc504267856b6960fa6c\" class=\"fw-col-xs-12 fw-col-sm-12 fw-col-md-6 text-center\" >\r\n\t\r\n\r\n<div class=\"TextBlock  is-wow fadeInUp\" id=\"shortcode-0f725606db210e140f241c96d4719f28\" data-wow-delay=\"0s\">\r\n\t<h1 style=\"text-align: center;\">Das Buch<\/h1><\/div>\r\n\r\n<div class=\"TextBlock\" id=\"shortcode-17d6e2be444fc4b5f2a8268d1255e816\" >\r\n\t<p>Begleite Astrid, wie sie in der neuen Welt aufwacht und \u00fcberlebt. Nur hier vom Autor pers\u00f6nlich signiert verf\u00fcgbar.<\/p><\/div>\r\n\r\n<div class=\"spacer\" id=\"shortcode-476efdeccb331de10efaa5bba5bfc74d\"><\/div>\r\n\r\n\t\t<a href=\"\/de\/shop\/\" target=\"_self\" class=\"shortcode-button btn btn-normal\" id=\"shortcode-ffc8107a2f7febe73e9986dc4a32d421\" >\r\n\t\t<span>Buch Ansehen<\/span>\r\n\t<\/a>\r\n\r\n\r\n\r\n<div class=\"spacer\" id=\"shortcode-2ff31cd36e0612692d6c015d260ac774\"><\/div><\/div>\r\n<div id=\"shortcode-549e2a027deb8ca701ada606805e10b8\" class=\"fw-col-xs-12 fw-col-sm-12 fw-col-md-6 text-center\" >\r\n\t\r\n\r\n<div class=\"spacer hidden-md hidden-lg\" id=\"shortcode-d28428cc2379bfcc4c63d854d94f4a72\"><\/div>\r\n\r\n<div class=\"TextBlock  is-wow fadeInUp\" id=\"shortcode-374be486107546145397daba7dfcac6d\" data-wow-delay=\"0s\">\r\n\t<h1 style=\"text-align: center;\">Das Spiel<\/h1><\/div>\r\n\r\n<div class=\"TextBlock\" id=\"shortcode-6b9853b5a2cfbc6c03c5295be96210a4\" >\r\n\t<p>Erfinde deine eigene Geschichte in der neuen Welt mit diesem Pen-and-Paper-Rollenspiel, inspiriert vom besten Rollenspiel der Welt.<\/p><\/div>\r\n\r\n<div class=\"spacer\" id=\"shortcode-c0b7d45ec33a470fbf6b7692b012671a\"><\/div>\r\n\r\n\t\t<a href=\"\/de\/soanw-ttrpg\/\" target=\"_self\" class=\"shortcode-button btn btn-normal\" id=\"shortcode-c14df3d47d00b133c11e1c0f1f73f722\" >\r\n\t\t<span>Spiel ansehen<\/span>\r\n\t<\/a>\r\n\r\n\r\n\r\n<div class=\"spacer\" id=\"shortcode-43971d9ac365eb2afb3c969c6931e005\"><\/div><\/div>\r\n\t\t<\/div>\r\n\t<\/div>\r\n\t<\/section>","protected":false},"excerpt":{"rendered":"<p>SAGA EINER NEUEN WELT Die alte Welt ist untergegangen, und aus dem Nebel erhebt sich eine neue Das Buch Folgen Sie Astrid, als sie in der neuen Welt erwacht. Dies ist die Geschichte, mit der alles begann, erh\u00e4ltlich im englischen Original oder auf Deutsch. Ansicht Shop Das Spiel Erschaffe deine eigene Geschichte in...<\/p>","protected":false},"author":1,"featured_media":0,"parent":0,"menu_order":0,"comment_status":"closed","ping_status":"closed","template":"","meta":{"_uag_custom_page_level_css":"","footnotes":""},"class_list":["post-1052","page","type-page","status-publish","hentry"],"uagb_featured_image_src":{"full":false,"thumbnail":false,"medium":false,"medium_large":false,"large":false,"1536x1536":false,"2048x2048":false,"trp-custom-language-flag":false,"woocommerce_thumbnail":false,"woocommerce_single":false,"woocommerce_gallery_thumbnail":false,"odrin_landscape_small":false,"odrin_landscape_medium":false,"odrin_landscape_large":false,"odrin_landscape_wide":false,"odrin_square_small":false,"odrin_portrait":false,"odrin_small_soft":false,"odrin_medium":false,"odrin_medium_soft":false,"odrin_large":false,"odrin_large_soft":false,"post-thumbnail":false},"uagb_author_info":{"display_name":"Ember","author_link":"http:\/\/saga-of-a-new-world.com\/de\/author\/ember\/"},"uagb_comment_info":0,"uagb_excerpt":"SAGA OF A NEW WORLD The old world has ended and from the fog a new one rises The Book Follow Astrid as she wakes up in the new world. This is the story that started it all, available as the English original or in German. View Shop The Game Create your own story in...","_links":{"self":[{"href":"http:\/\/saga-of-a-new-world.com\/de\/wp-json\/wp\/v2\/pages\/1052","targetHints":{"allow":["GET"]}}],"collection":[{"href":"http:\/\/saga-of-a-new-world.com\/de\/wp-json\/wp\/v2\/pages"}],"about":[{"href":"http:\/\/saga-of-a-new-world.com\/de\/wp-json\/wp\/v2\/types\/page"}],"author":[{"embeddable":true,"href":"http:\/\/saga-of-a-new-world.com\/de\/wp-json\/wp\/v2\/users\/1"}],"replies":[{"embeddable":true,"href":"http:\/\/saga-of-a-new-world.com\/de\/wp-json\/wp\/v2\/comments?post=1052"}],"version-history":[{"count":51,"href":"http:\/\/saga-of-a-new-world.com\/de\/wp-json\/wp\/v2\/pages\/1052\/revisions"}],"predecessor-version":[{"id":4074,"href":"http:\/\/saga-of-a-new-world.com\/de\/wp-json\/wp\/v2\/pages\/1052\/revisions\/4074"}],"wp:attachment":[{"href":"http:\/\/saga-of-a-new-world.com\/de\/wp-json\/wp\/v2\/media?parent=1052"}],"curies":[{"name":"wp","href":"https:\/\/api.w.org\/{rel}","templated":true}]}}