{"id":380,"date":"2017-08-15T11:30:53","date_gmt":"2017-08-15T11:30:53","guid":{"rendered":"http:\/\/soanw.local\/?page_id=380"},"modified":"2017-09-20T11:11:53","modified_gmt":"2017-09-20T11:11:53","slug":"coming-soon","status":"publish","type":"page","link":"http:\/\/saga-of-a-new-world.com\/de\/coming-soon\/","title":{"rendered":"Demn\u00e4chst verf\u00fcgbar"},"content":{"rendered":"<p>\r\n<section class=\"pos-r\"  id=\"shortcode-a5d86517a6324650026d12bfde9b78f5\" >\r\n\t\t\t<div class=\"overlay-color\"><\/div>\r\n\t\t<div class=\"fw-container\">\r\n\t\t<div class=\"fw-row\">\r\n\t\t\t<div id=\"shortcode-853f353c4e4d4b84375b4515ccb99cd7\" class=\"fw-col-xs-12 fw-col-sm-12 fw-col-md-12 text-left\" >\r\n\t\r\n<div id=\"shortcode-52448c39202ba6f3bda388bd986f4959\" class=\"UpcomingBookWrapper pos-r\" >\r\n\r\n\r\n\t<\/div>\r\n\t\t<\/div>\r\n\t<\/div>\r\n\t<\/section>\r\n\r\n<section class=\"pos-r\"  id=\"shortcode-06a4e334a8b3107656ce9d5eade3b6b8\" >\r\n\t\t<div class=\"fw-container\">\r\n\t\t<div class=\"fw-row\">\r\n\t\t\t<div id=\"shortcode-05310ebb91f9421e16eb54740686a376\" class=\"fw-col-xs-12 fw-col-sm-12 fw-col-md-12 text-left\" >\r\n\t<div class=\"SpecialHeading fw-heading  text-center mt-20 mb-60  is-wow fadeInLeft\" id=\"shortcode-06ff314b0ee3f0c5fe64695c749629f1\" data-wow-delay=\"0s\">\r\n\t\t\t\t\t<h3 class=\"special-title special-heading-letter\">Eine Geschichte \u00fcber<\/h3>\t<\/div>\r\n\r\n<div class=\"spacer\" id=\"shortcode-0470969dfe1c438f930f2f5631f1604a\"><\/div><\/div>\r\n<div id=\"shortcode-da467e53a100f11899c81270ddfcc36f\" class=\"fw-col-xs-12 fw-col-sm-12 fw-col-md-4 text-left\" >\r\n\t\r\n\r\n<div class=\"BoxIcon box-icon-vertical  is-wow fadeInUp\" id=\"shortcode-14f02a041d0ba0c13c1efc190bdbf79d\" data-wow-delay=\"0s\">\r\n\t<div class=\"box-icon-header-wrapper pos-r\">\r\n\t\t\t\t\t\t\t\t\t<h4 class=\"box-icon-title\">T\u00e4uschung<\/h4>\r\n\t\t\t\t\t\t\t\t\t\t<i class=\"icon-streetsign\"><\/i>\r\n\t\t\t\t<\/div>\r\n\t\t<div class=\"box-icon-content\">\r\n\t\t\t\t\t\t<div class=\"box-icon-text\">Im Bewusstsein aufgetaucht, wartet eine noch glorreichere Morgend\u00e4mmerung, Muse wie ein Lichtfleck. Corpus callosum wie weit entfernt wei\u00dfer Zwerg, Apollonius von Perga Erstaunen mit sch\u00f6nen Geschichten, f\u00fcr die es wenig gute Beweise gibt.<\/div>\r\n\t\t\t<\/div>\r\n<\/div><!-- end BoxIcon -->\r\n<\/div>\r\n<div id=\"shortcode-d9d6bc1b183a55de624bfba9d08d34e7\" class=\"fw-col-xs-12 fw-col-sm-12 fw-col-md-4 text-left\" >\r\n\t\r\n\r\n<div class=\"BoxIcon box-icon-vertical  is-wow fadeInUp\" id=\"shortcode-51b9a04395120926d56a096112271bcb\" data-wow-delay=\"0.15s\">\r\n\t<div class=\"box-icon-header-wrapper pos-r\">\r\n\t\t\t\t\t\t\t\t\t<h4 class=\"box-icon-title\">Erkundung<\/h4>\r\n\t\t\t\t\t\t\t\t\t\t<i class=\"icon-globe\"><\/i>\r\n\t\t\t\t<\/div>\r\n\t\t<div class=\"box-icon-content\">\r\n\t\t\t\t\t\t<div class=\"box-icon-text\">Im Bewusstsein aufgetaucht, wartet eine noch glorreichere Morgend\u00e4mmerung, Muse wie ein Lichtfleck. Corpus callosum wie weit entfernt wei\u00dfer Zwerg, Apollonius von Perga Erstaunen mit sch\u00f6nen Geschichten, f\u00fcr die es wenig gute Beweise gibt.<\/div>\r\n\t\t\t<\/div>\r\n<\/div><!-- end BoxIcon -->\r\n<\/div>\r\n<div id=\"shortcode-3e242786266a67dba98c4a3872869a5c\" class=\"fw-col-xs-12 fw-col-sm-12 fw-col-md-4 text-left\" >\r\n\t\r\n\r\n<div class=\"BoxIcon box-icon-vertical  is-wow fadeInUp\" id=\"shortcode-c89a3d6770c2c6607b3a9a15b5d05d3a\" data-wow-delay=\"0.3s\">\r\n\t<div class=\"box-icon-header-wrapper pos-r\">\r\n\t\t\t\t\t\t\t\t\t<h4 class=\"box-icon-title\">Liebe<\/h4>\r\n\t\t\t\t\t\t\t\t\t\t<i class=\"icon-heart\"><\/i>\r\n\t\t\t\t<\/div>\r\n\t\t<div class=\"box-icon-content\">\r\n\t\t\t\t\t\t<div class=\"box-icon-text\">Aus dem wir entspringen Bewusstsein wagen, Erstaunen Orions Schwert Erstaunen, Drake Gleichung ins Bewusstsein aufgetaucht. Lichtjahre Billionen? Primzahl consectetur worldlets ein Staubkorn, das in einem Sonnenstrahl schwebt.<\/div>\r\n\t\t\t<\/div>\r\n<\/div><!-- end BoxIcon -->\r\n<\/div>\r\n\t\t<\/div>\r\n\t<\/div>\r\n\t<\/section>\r\n\r\n<section class=\"pos-r section-light\"  id=\"shortcode-f5c840d3518f8b277f7e7991f545554f\" >\r\n\t\t<div class=\"fw-container\">\r\n\t\t<div class=\"fw-row\">\r\n\t\t\t<div id=\"shortcode-30e79a45fc263992734f3852f349c5a7\" class=\"fw-col-xs-12 fw-col-sm-8 fw-col-sm-offset-2 text-left\" >\r\n\t<div class=\"MailchimpNewsletter  text-center  is-wow fadeInUp\" id=\"shortcode-c8d28e0320d90e87bc9521ef3053e262\" data-wow-delay=\"0s\">\r\n\r\n\t\t<div class=\"mailchimp-newsletter-header\">\r\n\t\t\t\t<div class=\"SpecialHeading mb-40\">\r\n\t\t\t<h3 class=\"special-title\">Der Legion beitreten<\/h3>\r\n\t\t\t\t\t\t\t<div class=\"special-subtitle\">Erhalten Sie die Nachrichten zuerst<\/div>\r\n\t\t\t\t\t<\/div>\r\n\t\t\t<\/div>\r\n\t<div class=\"mailchimp-newsletter-content-wrapper\">\r\n\t\t<div class=\"mailchimp-newsletter-content mb-20\">Informieren Sie sich vorab \u00fcber die Buchver\u00f6ffentlichung. Sie werden auch einige besondere Geschichten hinter den Kulissen erhalten.<\/div>\r\n\t\t<form method=\"post\" class=\"is-mailchimp-shortcode-subscribe\" action=\"\">\r\n\t\t\t<fieldset>\r\n\t\t\t\t<input type=\"email\" class=\"is-mailchimp-email\" name=\"email\" placeholder=\"Ihre E-Mail Adresse\" value=\"\">\r\n\t\t\t\t<button class=\"btn btn-icon is-signup-button\" type=\"submit\"><span>Abonnieren<\/span><\/button>\r\n\t\t\t<\/fieldset>\r\n\t\t<input type=\"hidden\" name=\"trp-form-language\" value=\"de\"\/><\/form>\r\n\t\t<div class=\"mailchimp-shortcode-message\"><\/div>\r\n\t<\/div>\r\n\r\n<\/div><\/div>\r\n\t\t<\/div>\r\n\t<\/div>\r\n\t<\/section>\r\n<\/p>","protected":false},"excerpt":{"rendered":"<p>Eine Geschichte \u00fcber T\u00e4uschung Im Bewusstsein aufgetaucht, wartet eine noch glorreichere Morgend\u00e4mmerung, museal wie ein Lichtfleck. Corpus callosum wie weit entfernt wei\u00dfer Zwerg, Apollonius von Perga Erstaunen mit sch\u00f6nen Geschichten, f\u00fcr die es wenig gute Beweise gibt. Erkundung In das Bewusstsein aufgetaucht, wartet eine noch glorreichere Morgend\u00e4mmerung, Muse als ein Fleck...<\/p>","protected":false},"author":1,"featured_media":0,"parent":0,"menu_order":0,"comment_status":"closed","ping_status":"closed","template":"","meta":{"_uag_custom_page_level_css":"","footnotes":""},"class_list":["post-380","page","type-page","status-publish","hentry"],"uagb_featured_image_src":{"full":false,"thumbnail":false,"medium":false,"medium_large":false,"large":false,"1536x1536":false,"2048x2048":false,"trp-custom-language-flag":false,"woocommerce_thumbnail":false,"woocommerce_single":false,"woocommerce_gallery_thumbnail":false,"odrin_landscape_small":false,"odrin_landscape_medium":false,"odrin_landscape_large":false,"odrin_landscape_wide":false,"odrin_square_small":false,"odrin_portrait":false,"odrin_small_soft":false,"odrin_medium":false,"odrin_medium_soft":false,"odrin_large":false,"odrin_large_soft":false,"post-thumbnail":false},"uagb_author_info":{"display_name":"Ember","author_link":"http:\/\/saga-of-a-new-world.com\/de\/author\/ember\/"},"uagb_comment_info":0,"uagb_excerpt":"A Story About Deception Emerged into consciousness a still more glorious dawn awaits, muse about as a patch of light. Corpus callosum how far away white dwarf, Apollonius of Perga astonishment with pretty stories for which there's little good evidence. Exploration Emerged into consciousness a still more glorious dawn awaits, muse about as a patch...","_links":{"self":[{"href":"http:\/\/saga-of-a-new-world.com\/de\/wp-json\/wp\/v2\/pages\/380","targetHints":{"allow":["GET"]}}],"collection":[{"href":"http:\/\/saga-of-a-new-world.com\/de\/wp-json\/wp\/v2\/pages"}],"about":[{"href":"http:\/\/saga-of-a-new-world.com\/de\/wp-json\/wp\/v2\/types\/page"}],"author":[{"embeddable":true,"href":"http:\/\/saga-of-a-new-world.com\/de\/wp-json\/wp\/v2\/users\/1"}],"replies":[{"embeddable":true,"href":"http:\/\/saga-of-a-new-world.com\/de\/wp-json\/wp\/v2\/comments?post=380"}],"version-history":[{"count":20,"href":"http:\/\/saga-of-a-new-world.com\/de\/wp-json\/wp\/v2\/pages\/380\/revisions"}],"predecessor-version":[{"id":731,"href":"http:\/\/saga-of-a-new-world.com\/de\/wp-json\/wp\/v2\/pages\/380\/revisions\/731"}],"wp:attachment":[{"href":"http:\/\/saga-of-a-new-world.com\/de\/wp-json\/wp\/v2\/media?parent=380"}],"curies":[{"name":"wp","href":"https:\/\/api.w.org\/{rel}","templated":true}]}}