{"id":566,"date":"2017-08-16T17:22:32","date_gmt":"2017-08-16T17:22:32","guid":{"rendered":"http:\/\/soanw.local\/?page_id=566"},"modified":"2024-04-16T06:59:50","modified_gmt":"2024-04-16T06:59:50","slug":"soanw-ttrpg","status":"publish","type":"page","link":"http:\/\/saga-of-a-new-world.com\/de\/soanw-ttrpg\/","title":{"rendered":"TTRPG-Seite"},"content":{"rendered":"<p>\r\n<section class=\"pos-r section-light is-parallax\"  id=\"shortcode-e06b035d6f8b53e4bcb9f5eab94b9e41\" >\r\n\t\t\t<div class=\"overlay-color\"><\/div>\r\n\t\t<div class=\"fw-container\">\r\n\t\t<div class=\"fw-row\">\r\n\t\t\t<div id=\"shortcode-2177197dc6cb093407d6bca3eb6bb55c\" class=\"fw-col-xs-12 fw-col-sm-12 fw-col-md-8 text-left\" >\r\n\t<div class=\"SpecialHeading fw-heading  text-left mt-20 mb-60\" id=\"shortcode-8c0fdad355219b954d9c85cf8172f786\" >\r\n\t\t\t\t\t<h1 class=\"special-title special-heading-letter\">Handbuch f\u00fcr \u00dcberlebende<\/h1>\t\t<div class=\"special-subtitle\">Gestalten Sie Ihr eigenes Schicksal in der Neuen Welt.<\/div>\r\n\t<\/div>\r\n\r\n\t\t<a href=\"https:\/\/saga-of-a-new-world.com\/wp-content\/uploads\/2024\/04\/Survivors-Handbook.pdf\" target=\"_blank\" class=\"shortcode-button btn btn-color\" id=\"shortcode-54325fd7b5822715099da1f832f2b9ca\" >\r\n\t\t<span>Herunterladen (85Mb)<\/span>\r\n\t<\/a>\r\n\r\n\r\n\r\n\t\t<a href=\"https:\/\/saga-of-a-new-world.com\/wp-content\/uploads\/2024\/04\/Survivors-Handbook-compressed.pdf\" target=\"_blank\" class=\"shortcode-button btn btn-normal  is-wow fadeInRight\" id=\"shortcode-31e32445cbe2a0ed49cf372591e0c6a4\" data-wow-delay=\"0s\">\r\n\t\t<span>Herunterladen (46Mb)<\/span>\r\n\t<\/a>\r\n\r\n\r\n\r\n<div class=\"spacer hidden-md hidden-lg\" id=\"shortcode-d8d46af821fb0f0d43d2533cb639a28f\"><\/div><\/div>\r\n<div id=\"shortcode-5187ea40fad1e83fda5a3030c1f36b6a\" class=\"fw-col-xs-12 fw-col-sm-12 fw-col-md-4 text-right\" >\r\n\t\r\n<div class=\"BookImage hidden-xs hidden-sm\" id=\"shortcode-320d33c14735eac0b8d2f304da097c07\"  >\r\n\t\t\t<div class=\"book-image-wrapper SingleProductImage\">\r\n\t\t\t<div class=\"PageFlipBook\">\r\n\t\t\t\t\t\t\t\t\t\t\t\t\t\t\t\t\t\t<a href=\"#\" class=\"has-edge is-page-flip\" data-post-id=\"3903\">\r\n\t\t\t\t\t\t\t\t\t\t\t\t<div class=\"page-flip-book-ribbon\"><span>Vorschau<\/span><\/div>\r\n\t\t\t\t\t\t<img decoding=\"async\" src=\"https:\/\/saga-of-a-new-world.com\/wp-content\/uploads\/2023\/06\/Book-Mockup-Survivors-Handbook-495x700.jpg\" class=\"wp-post-image\">\r\n\t\t\t\t\t<\/a>\r\n\t\t\t\t\t\t\t\t\t\t\t<\/div>\r\n\t\t<\/div>\r\n\t<\/div><!-- end BookImage -->\r\n<\/div>\r\n<div id=\"shortcode-78476bfc20287adc1ddb8f592cc7fbd8\" class=\"fw-col-xs-12 fw-col-sm-12 fw-col-md-4 text-left hidden-xs hidden-sm\" >\r\n\t\r\n\r\n<div class=\"SpecialTextBlock pos-r hidden-md hidden-lg hidden-xs hidden-sm\" id=\"shortcode-036cd54c6f7a67f7bb251aecafd3ef70\" >\r\n\t\r\n\t\t\t\t\t\t\t<div class=\"special-text-block-content font-subheading\">\r\n\t\t\t\t<p>Folgen Sie Astrid auf ihrem J<\/p>\t<\/div>\r\n\t\t\r\n<\/div> <!-- end SpecialTextBlock -->\r\n\r\n<blockquote id=\"shortcode-e9552c5808e9f961c4f568db71ebc385\" class=\"hidden-md hidden-lg hidden-xs hidden-sm\" >\r\n\t<i class=\"blockquote-icon\"><\/i>\r\n\t<i class=\"blockquote-icon\"><\/i>\r\n\t<div class=\"blockquote-content font-subheading\">\r\n\t\t<p>Eine neue Welt bricht an<\/p>\r\n\t<\/div>\r\n\t<\/blockquote><\/div>\r\n\t\t<\/div>\r\n\t<\/div>\r\n\t<\/section>\r\n\r\n<section class=\"pos-r\"  id=\"shortcode-e97b25b06ed50389742b65107f2bbf27\" >\r\n\t\t<div class=\"fw-container\">\r\n\t\t<div class=\"fw-row\">\r\n\t\t\t<div id=\"shortcode-10b9b257855e1c0079cba1d696977a03\" class=\"fw-col-xs-12 fw-col-sm-12 fw-col-md-9 text-left\" >\r\n\t\r\n\r\n<div class=\"TextBlock\" id=\"shortcode-708fca1f5eaf53abfb6c03dcaf9e5f08\" >\r\n\t<h1 style=\"margin: 0in; font-family: Calibri; font-size: 16.0pt; color: #1e4e79;\">Eigenschaften<\/h1><p style=\"margin: 0in; font-family: Calibri; font-size: 11.0pt;\">Diese \u00fcber 300 Seiten umfassende \u00dcberarbeitung stellt einen revolution\u00e4ren Ansatz f\u00fcr das Spielen von DND in einer postapokalyptischen Welt vor. Es enth\u00e4lt \u00fcber hundert neue Artworks (und mehr werden folgen) und eine F\u00fclle neuer Systeme, um das d20-basierte System, das wir alle kennen und lieben, an das moderne, magische, postapokalyptische Setting der Neuen Welt anzupassen. Jeder Teil des Systems wurde entwickelt, um eine d\u00fcstere und geerdete Umgebung zu repr\u00e4sentieren und gleichzeitig den Spielern die M\u00f6glichkeit zu geben, zu gl\u00e4nzen und sich in einer Welt der unbegrenzten M\u00f6glichkeiten auszudr\u00fccken.<\/p><h2 style=\"margin: 0in; font-family: Calibri; font-size: 14.0pt; color: #2e75b5;\"><span style=\"color: #5a4b5e;\">Zuf\u00e4llige Charaktererstellung<\/span><\/h2><p style=\"margin: 0in; font-family: Calibri; font-size: 11.0pt;\">Jede Phase der Charaktererstellung enth\u00e4lt Tabellen und andere Werkzeuge, um das Ergebnis zuf\u00e4llig zu bestimmen. Diese einzigartige Funktion erm\u00f6glicht es Ihnen, entweder den Charakter zu formen, den Sie sich w\u00fcnschen, oder vollst\u00e4ndig in die unvorhersehbare Natur der postapokalyptischen Welt einzutauchen.<\/p><h2 style=\"margin: 0in; font-family: Calibri; font-size: 14.0pt; color: #2e75b5;\"><span style=\"color: #5a4b5e;\">Neue Arten (Rassen) System<\/span><\/h2><p style=\"margin: 0in; font-family: Calibri; font-size: 11.0pt;\">Betreten Sie die bodenst\u00e4ndige, \u00fcberlebensorientierte Neue Welt mit neun \u00fcberarbeiteten Arten, die sich nahtlos in das Setting einf\u00fcgen. Die Spieler haben nun die M\u00f6glichkeit, winzig, klein, mittelgro\u00df oder gro\u00df zu sein, wobei sich ihre Gr\u00f6\u00dfe erheblich auf ihre F\u00e4higkeiten auswirkt. Sie bestimmt sowohl ihre Trefferpunkte und Vitalit\u00e4t (mehr dazu sp\u00e4ter) als auch ihre R\u00fcstungsklasse (AC). Jede Spezies hat ihre eigenen einzigartigen Vor- und Nachteile, biologischen Eigenheiten, Veranlagungen und \u00dcberlieferungen, die f\u00fcr ein abwechslungsreiches und spannendes Spielerlebnis sorgen.<\/p><h2 style=\"margin: 0in; font-family: Calibri; font-size: 14.0pt; color: #2e75b5;\"><span style=\"color: #5a4b5e;\">Erworbene Arten und Umwandlungen<\/span><\/h2><p style=\"margin: 0in; font-family: Calibri; font-size: 11.0pt;\">Neben den neun \"normalen\" Spezies bieten f\u00fcnf weitere erworbene Spezies, wie Vampire, Dryaden und Wildlinge, Anpassungsm\u00f6glichkeiten, die \u00fcber eine andere Spezies gelegt werden k\u00f6nnen. Auf diese Weise kommen die Spieler in den Genuss einzigartiger Vor- und Nachteile, die ihre Charaktere weiter aufwerten. Die Freiheit, das zu spielen, was man will, wird gew\u00e4hrt. Die Wildling-Option beispielsweise bietet eine riesige Auswahl an \"wilden Segnungen\", mit denen man praktisch jedes Charakterkonzept erstellen kann, w\u00e4hrend man dem geerdeten Stil der Neuen Welt treu bleibt.<\/p><h2 style=\"margin: 0in; font-family: Calibri; font-size: 14.0pt; color: #2e75b5;\"><span style=\"color: #5a4b5e;\">Vitalit\u00e4t<\/span><\/h2><p style=\"margin: 0in; font-family: Calibri; font-size: 11.0pt;\">Verabschiede dich vom traditionellen System der Anwendungen pro Tag oder Zauberslots. Stattdessen steuert die Vitalit\u00e4t fast alle Klassenf\u00e4higkeiten, magischen Gegenst\u00e4nde und Zauberspr\u00fcche. Sie wird mit Vitalit\u00e4tsw\u00fcrfeln bestimmt, \u00e4hnlich wie die Trefferpunkte berechnet werden.<\/p><h2 style=\"margin: 0in; font-family: Calibri; font-size: 14.0pt; color: #2e75b5;\"><span style=\"color: #5a4b5e;\">\u00dcberlebenswillen und Durchhalteverm\u00f6gen<\/span><\/h2><p style=\"margin: 0in; font-family: Calibri; font-size: 11.0pt;\">Tauchen Sie voll und ganz in die postapokalyptische Neue Welt mit brandneuen Hunger-, Wetter- und Ruhesystemen ein. Stellen Sie sich den Herausforderungen des \u00dcberlebens, w\u00e4hrend Sie durch diese raue Realit\u00e4t navigieren. Die Heilung ist jetzt an Trefferw\u00fcrfel gebunden, was die Einbindung gro\u00dfartiger F\u00e4higkeiten wie Regeneration und starker Heilzauber erm\u00f6glicht, ohne die Spielbalance zu st\u00f6ren. Ersch\u00f6pfung spielt eine bedeutendere Rolle.<\/p><h2 style=\"margin: 0in; font-family: Calibri; font-size: 14.0pt; color: #2e75b5;\"><span style=\"color: #5a4b5e;\">Am Boden, aber nicht drau\u00dfen<\/span><\/h2><p style=\"margin: 0in; font-family: Calibri; font-size: 11.0pt;\">Wenn Kreaturen auf 0 Trefferpunkte reduziert werden, werden sie in der Regel niedergeschlagen und nicht nur bewusstlos gemacht. Dieses brandneue System gibt den Spielern die M\u00f6glichkeit, selbst dann zu handeln, wenn sie durch Schaden aus dem Kampf genommen werden.<\/p><h2 style=\"margin: 0in; font-family: Calibri; font-size: 14.0pt; color: #2e75b5;\"><span style=\"color: #5a4b5e;\">\u00dcberarbeitete Klassen<\/span><\/h2><p style=\"margin: 0in; font-family: Calibri; font-size: 11.0pt;\">Mit zw\u00f6lf neu gestalteten Klassen bietet diese \u00dcberarbeitung eine einigerma\u00dfen vertraute Liste, die den Barbaren, Barden, Druiden, K\u00e4mpfer, Magier, M\u00f6nch, Paladin, Propheten, Waldl\u00e4ufer, Schurken, Zauberer und die Hexe umfasst. Die Maximalstufe ist nun auf 10 begrenzt und die Klassen wurden neu gestaltet, um auch auf niedrigeren Stufen wirkungsvollere F\u00e4higkeiten und Machtspr\u00fcnge zu bieten.<\/p><h2 style=\"margin: 0in; font-family: Calibri; font-size: 14.0pt; color: #2e75b5;\"><span style=\"color: #5a4b5e;\">Brandneues Zauberspruchsystem<\/span><\/h2><p style=\"margin: 0in; font-family: Calibri; font-size: 11.0pt;\">Tauche ein in ein Zaubersystem, das durch \u00fcber 300 brandneue Zauberspr\u00fcche bereichert wird. Jede Klasse ist in der Regel an eine bestimmte Zauberliste gebunden, mit komplett eigenen Zaubern f\u00fcr jede Liste. Das bedeutet, dass jede Form der Magie im Spiel eindeutig und einzigartig ist. Die Zauberspr\u00fcche sind durchdacht organisiert, so dass das endlose Bl\u00e4ttern entf\u00e4llt und ein reibungsloseres Spielerlebnis gew\u00e4hrleistet ist.<\/p><ul style=\"direction: ltr; unicode-bidi: embed; margin-top: 0in; margin-bottom: 0in;\" type=\"disc\"><li style=\"margin-top: 0; margin-bottom: 0; vertical-align: middle;\"><span style=\"font-weight: bold; font-family: Calibri; font-size: 11.0pt;\">Arias <\/span><\/li><\/ul><p style=\"margin: 0in; margin-left: .375in; font-family: Calibri; font-size: 11.0pt;\">Barden verwenden so genannte Arien, mehrstufige Zauber, die sie einzigartig vielseitig machen, aber sie brauchen Zeit, um auf Touren zu kommen.<\/p><ul style=\"direction: ltr; unicode-bidi: embed; margin-top: 0in; margin-bottom: 0in;\" type=\"disc\"><li style=\"margin-top: 0; margin-bottom: 0; vertical-align: middle;\"><span style=\"font-weight: bold; font-family: Calibri; font-size: 11.0pt;\">G\u00f6ttliche Magie <\/span><\/li><\/ul><p style=\"margin: 0in; margin-left: .375in; font-family: Calibri; font-size: 11.0pt;\">Propheten und Paladine verf\u00fcgen \u00fcber eine gro\u00dfe Auswahl an Zaubern, die den Geist und die Seele von Lebewesen mit Hilfe g\u00f6ttlicher Macht manipulieren.<\/p><ul style=\"direction: ltr; unicode-bidi: embed; margin-top: 0in; margin-bottom: 0in;\" type=\"disc\"><li style=\"margin-top: 0; margin-bottom: 0; vertical-align: middle;\"><span style=\"font-weight: bold; font-family: Calibri; font-size: 11.0pt;\">Elementare Magie<\/span><\/li><\/ul><p style=\"margin: 0in; margin-left: .375in; font-family: Calibri; font-size: 11.0pt;\">Magier, Zauberer und Hexen verf\u00fcgen \u00fcber die Macht der sechs elementaren Lehren. Ihre Zauberspr\u00fcche bieten unglaubliche Feuerkraft, da sie sich auf die Beschw\u00f6rung reiner Energie konzentrieren.<\/p><ul style=\"direction: ltr; unicode-bidi: embed; margin-top: 0in; margin-bottom: 0in;\" type=\"disc\"><li style=\"margin-top: 0; margin-bottom: 0; vertical-align: middle;\"><span style=\"font-weight: bold; font-family: Calibri; font-size: 11.0pt;\">Wilde Magie<\/span><\/li><\/ul><p style=\"margin: 0in; margin-left: .375in; font-family: Calibri; font-size: 11.0pt;\">Druiden und Waldl\u00e4ufer stimmen ihren K\u00f6rper auf die Welt selbst ein, um sich mit der Natur zu verbinden, ihr Informationen zu entlocken und die Umwelt zu beeinflussen.<\/p><h2 style=\"margin: 0in; font-family: Calibri; font-size: 14.0pt; color: #2e75b5;\"><span style=\"color: #5a4b5e;\">Hexerei f\u00fcr Handwerker<\/span><\/h2><p style=\"margin: 0in; font-family: Calibri; font-size: 11.0pt;\">Stelle als brandneue Hexenklasse magische Gegenst\u00e4nde her, indem du 68 Trankformeln und Verzauberungen verwendest.<\/p><h2 style=\"margin: 0in; font-family: Calibri; font-size: 14.0pt; color: #2e75b5;\"><span style=\"color: #5a4b5e;\">Man\u00f6ver f\u00fcr Kampfhandlungen<\/span><\/h2><p style=\"margin: 0in; font-family: Calibri; font-size: 11.0pt;\">Diese 21 neuen zauber\u00e4hnlichen F\u00e4higkeiten bieten kriegerischen Charakteren eine Reihe von nichtmagischen strategischen M\u00f6glichkeiten im und au\u00dferhalb des Kampfes.<\/p><h2 style=\"margin: 0in; font-family: Calibri; font-size: 14.0pt; color: #2e75b5;\"><span style=\"color: #5a4b5e;\">Moderne Ausr\u00fcstung<\/span><\/h2><p style=\"margin: 0in; font-family: Calibri; font-size: 11.0pt;\">Lassen Sie sich von der modernen Welt von SoaNW mit einem umfassenden System f\u00fcr Schusswaffen, Granaten und einer F\u00fclle anderer moderner Ausr\u00fcstungsgegenst\u00e4nde begeistern. Erforsche die Wechselwirkungen zwischen Technologie und Magie, w\u00e4hrend du dich durch die postapokalyptische Landschaft bewegst.<\/p><h2 style=\"margin: 0in; font-family: Calibri; font-size: 14.0pt; color: #2e75b5;\"><span style=\"color: #5a4b5e;\">Brandneues Crafting-System<\/span><\/h2><p style=\"margin: 0in; font-family: Calibri; font-size: 11.0pt;\">Crafting war noch nie so zug\u00e4nglich und lohnend wie heute. Ein einfaches, aber robustes Handwerkssystem erm\u00f6glicht es dir, fast alles herzustellen, was du brauchst. Ob Waffen, R\u00fcstungen oder \u00fcberlebenswichtige Werkzeuge - entfesseln Sie Ihre Kreativit\u00e4t und Ihren Einfallsreichtum, um sich Ihren eigenen Weg zu bahnen.<\/p><h2 style=\"margin: 0in; font-family: Calibri; font-size: 14.0pt; color: #2e75b5;\"><span style=\"color: #5a4b5e;\">Gr\u00fcndung einer Siedlung<\/span><\/h2><p style=\"margin: 0in; font-family: Calibri; font-size: 11.0pt;\">Erleben Sie die Feinheiten des Aufbaus und der Verwaltung einer post-apokalyptischen Gemeinschaft durch das brandneue Siedlungssystem. Gr\u00fcnden Sie Ihre eigene Siedlung, entwickeln Sie ihre Infrastruktur und treffen Sie wichtige Entscheidungen, die das Schicksal Ihrer Gemeinschaft bestimmen. Engagieren Sie sich in der Diplomatie oder f\u00fchren Sie Krieg mit anderen Gruppen von \u00dcberlebenden, w\u00e4hrend Sie versuchen, sich Ihren Platz in der Neuen Welt zu erobern.<\/p><h2 style=\"margin: 0in; font-family: Calibri; font-size: 14.0pt; color: #2e75b5;\"><span style=\"color: #5a4b5e;\">Begleitsystem<\/span><\/h2><p style=\"margin: 0in; font-family: Calibri; font-size: 11.0pt;\">Um dem Wunsch der Spieler nach Begleitern gerecht zu werden, bietet SoaNW verschiedenen Klassen einzigartige M\u00f6glichkeiten, Gef\u00e4hrten zu erwerben und zu nutzen. Ob durch magische Verbindungen mit wilden Tieren, durch die Rekrutierung treuer Gef\u00e4hrten aus deiner Siedlung oder durch den Einsatz von Gedankenkontrolle und magischen Sklavenhalsb\u00e4ndern oder T\u00e4towierungen, Gef\u00e4hrten werden zu einem integralen Bestandteil deiner Reise.<\/p><h2 lang=\"en-US\" style=\"margin: 0in; font-family: Calibri; font-size: 14.0pt; color: #2e75b5;\">Fahrzeugsystem<\/h2><p lang=\"en-US\" style=\"margin: 0in; font-family: Calibri; font-size: 11.0pt;\">Fahren Sie mit allem, was Sie brauchen, durch die Neue Welt - vom Fahrrad \u00fcber den LKW bis zum Flugzeug. Das brandneue Fahrzeugsystem implementiert \u00fcber zwanzig Fahrzeuge und ein einfaches System, um sie sowohl in der Kampagne als auch auf der Schlachtkarte zu steuern. R\u00fcste deine Fahrzeuge auf und erlebe den Anbruch einer neuen Welt mit Stil.<\/p><\/div><\/div>\r\n<div id=\"shortcode-480ba09c67fb990258947fbf1bed0682\" class=\"fw-col-xs-12 fw-col-sm-6 fw-col-md-3 text-left\" >\r\n\t\r\n\r\n<blockquote id=\"shortcode-eb22805b21a7f132894de1136640d9d5\" class=\"hidden-xs hidden-sm\" >\r\n\t<i class=\"blockquote-icon\"><\/i>\r\n\t<i class=\"blockquote-icon\"><\/i>\r\n\t<div class=\"blockquote-content font-subheading\">\r\n\t\t<p>WIRST DU IN DIESER NEUEN WELT BESTEHEN...\nODER WIRST DU FALLEN?<\/p>\r\n\t<\/div>\r\n\t<\/blockquote><\/div>\r\n\t\t<\/div>\r\n\t<\/div>\r\n\t<\/section>\r\n\r\n<section class=\"pos-r is-parallax\"  id=\"shortcode-3b077965806e92b00f57094965d75a00\" >\r\n\t\t\t<div class=\"overlay-color\"><\/div>\r\n\t\t<div class=\"fw-container-full\">\r\n\t\t<div class=\"fw-row\">\r\n\t\t\t\t\t<\/div>\r\n\t<\/div>\r\n\t<\/section>\r\n<\/p>","protected":false},"excerpt":{"rendered":"<p>Survivor's Handbook Schmiede dein eigenes Schicksal in der Neuen Welt. Download (85Mb) Download (46Mb) Vorschau Begleite Astrid auf ihrer J Eine neue Welt bricht an FeaturesDiese \u00fcber 300 Seiten umfassende \u00dcberarbeitung stellt einen revolution\u00e4ren Ansatz f\u00fcr das Spielen von DND in einer postapokalyptischen Welt vor. Es enth\u00e4lt \u00fcber hundert neue Artworks (und es werden noch mehr) und eine F\u00fclle von...<\/p>","protected":false},"author":1,"featured_media":0,"parent":0,"menu_order":0,"comment_status":"closed","ping_status":"closed","template":"","meta":{"_uag_custom_page_level_css":"","footnotes":""},"class_list":["post-566","page","type-page","status-publish","hentry"],"uagb_featured_image_src":{"full":false,"thumbnail":false,"medium":false,"medium_large":false,"large":false,"1536x1536":false,"2048x2048":false,"trp-custom-language-flag":false,"woocommerce_thumbnail":false,"woocommerce_single":false,"woocommerce_gallery_thumbnail":false,"odrin_landscape_small":false,"odrin_landscape_medium":false,"odrin_landscape_large":false,"odrin_landscape_wide":false,"odrin_square_small":false,"odrin_portrait":false,"odrin_small_soft":false,"odrin_medium":false,"odrin_medium_soft":false,"odrin_large":false,"odrin_large_soft":false,"post-thumbnail":false},"uagb_author_info":{"display_name":"Ember","author_link":"http:\/\/saga-of-a-new-world.com\/de\/author\/ember\/"},"uagb_comment_info":0,"uagb_excerpt":"Survivor's Handbook Forge your own destiny in the New World. Download (85Mb) Download (46Mb) Preview Follow Astrid on her J A new world dawns FeaturesThis over 300 page total rework introduces a revolutionary approach to playing DND in a post-apocalyptic world. It includes over a hundred new artworks (with more to come) and a plethora...","_links":{"self":[{"href":"http:\/\/saga-of-a-new-world.com\/de\/wp-json\/wp\/v2\/pages\/566","targetHints":{"allow":["GET"]}}],"collection":[{"href":"http:\/\/saga-of-a-new-world.com\/de\/wp-json\/wp\/v2\/pages"}],"about":[{"href":"http:\/\/saga-of-a-new-world.com\/de\/wp-json\/wp\/v2\/types\/page"}],"author":[{"embeddable":true,"href":"http:\/\/saga-of-a-new-world.com\/de\/wp-json\/wp\/v2\/users\/1"}],"replies":[{"embeddable":true,"href":"http:\/\/saga-of-a-new-world.com\/de\/wp-json\/wp\/v2\/comments?post=566"}],"version-history":[{"count":109,"href":"http:\/\/saga-of-a-new-world.com\/de\/wp-json\/wp\/v2\/pages\/566\/revisions"}],"predecessor-version":[{"id":4082,"href":"http:\/\/saga-of-a-new-world.com\/de\/wp-json\/wp\/v2\/pages\/566\/revisions\/4082"}],"wp:attachment":[{"href":"http:\/\/saga-of-a-new-world.com\/de\/wp-json\/wp\/v2\/media?parent=566"}],"curies":[{"name":"wp","href":"https:\/\/api.w.org\/{rel}","templated":true}]}}