{"id":925,"date":"2020-11-19T15:36:09","date_gmt":"2020-11-19T15:36:09","guid":{"rendered":"http:\/\/soanw.local\/?page_id=925"},"modified":"2020-11-19T15:40:31","modified_gmt":"2020-11-19T15:40:31","slug":"monsters","status":"publish","type":"page","link":"http:\/\/saga-of-a-new-world.com\/de\/compendium\/monsters\/","title":{"rendered":"Ungeheuer"},"content":{"rendered":"<div class=\"ShortcodeBlog\" id=\"shortcode-3a08adec474864d9261efe3c0c90fb60\" >\r\n\r\n\r\n\t\r\n\t<div class=\"EventsStylingPosts is-matchheight-group c-elements-cols-3 mb-40\">\r\n\t\t\t\t\t\t\r\n\t\r\n\t\t<div class=\"ContentElement pos-r\">\r\n\r\n\t\t\t<a href=\"http:\/\/saga-of-a-new-world.com\/de\/gripper\/\">\r\n\r\n\t\t\t\t\t\t<div class=\"c-element-content-wrapper section-light\">\r\n\t\t\t\t\t\t\t\t<div class=\"bg-image\" data-bg-image=\"https:\/\/saga-of-a-new-world.com\/wp-content\/uploads\/2017\/08\/Gripper-for-Website-Test-700x700.jpg\"><\/div>\r\n\t\t\t\t<div class=\"overlay-dark\"><\/div>\r\n\t\t\t\r\n\t\t\t\t\t\t\t\t<div class=\"c-element-content mt-160 pos-r\">\r\n\t\t\t\t\t\t\t\t\t<h4 class=\"c-element-title\">Greifer<\/h4>\r\n\t\t\t\t\t\t\t\t\t<\/div>\r\n\t\t\t<\/div> <!-- end c-element-content-wrapper -->\r\n\t\t\t<\/a>\r\n\t\t<\/div> <!-- end ContentElement -->\r\n\r\n\t\r\n\t\r\n\t<\/div> <!-- end EventsStylingPosts -->\r\n\r\n\t\r\n\t\r\n<\/div> <!-- end ShortcodeBlog -->","protected":false},"excerpt":{"rendered":"<p>Greifer sind riesige, fliegende Raubtiere. Ihr Name kommt von ihrer Jagdtaktik. Diese fliegenden Monster ern\u00e4hren sich haupts\u00e4chlich von Fleisch und verbringen die meiste Zeit damit, \u00fcber offene Feldern und Gebirgslandschaften im Gleitflug zu kreisen. Entdecken sie mit ihren extrem guten Augen ein potenzielles Ziel, st\u00fcrzen sie sich in einem steilen Sturzflug herab. Die Beute wird...<\/p>","protected":false},"author":1,"featured_media":0,"parent":813,"menu_order":0,"comment_status":"closed","ping_status":"closed","template":"","meta":{"_uag_custom_page_level_css":"","footnotes":""},"class_list":["post-925","page","type-page","status-publish","hentry"],"uagb_featured_image_src":{"full":false,"thumbnail":false,"medium":false,"medium_large":false,"large":false,"1536x1536":false,"2048x2048":false,"trp-custom-language-flag":false,"woocommerce_thumbnail":false,"woocommerce_single":false,"woocommerce_gallery_thumbnail":false,"odrin_landscape_small":false,"odrin_landscape_medium":false,"odrin_landscape_large":false,"odrin_landscape_wide":false,"odrin_square_small":false,"odrin_portrait":false,"odrin_small_soft":false,"odrin_medium":false,"odrin_medium_soft":false,"odrin_large":false,"odrin_large_soft":false,"post-thumbnail":false},"uagb_author_info":{"display_name":"Ember","author_link":"http:\/\/saga-of-a-new-world.com\/de\/author\/ember\/"},"uagb_comment_info":0,"uagb_excerpt":"Greifer sind riesige, fliegende Raubtiere. Ihr Name kommt von ihrer Jagdtaktik. Diese fliegenden Monster ern\u00e4hren sich haupts\u00e4chlich von Fleisch und verbringen die meiste Zeit damit, \u00fcber offenen Feldern und Gebirgslandschaften im Gleitflug zu kreisen. Entdecken sie mit ihren extrem guten Augen ein potenzielles Ziel, st\u00fcrzen sie sich in einem steilen Sturzflug herab. Die Beute wird...","_links":{"self":[{"href":"http:\/\/saga-of-a-new-world.com\/de\/wp-json\/wp\/v2\/pages\/925","targetHints":{"allow":["GET"]}}],"collection":[{"href":"http:\/\/saga-of-a-new-world.com\/de\/wp-json\/wp\/v2\/pages"}],"about":[{"href":"http:\/\/saga-of-a-new-world.com\/de\/wp-json\/wp\/v2\/types\/page"}],"author":[{"embeddable":true,"href":"http:\/\/saga-of-a-new-world.com\/de\/wp-json\/wp\/v2\/users\/1"}],"replies":[{"embeddable":true,"href":"http:\/\/saga-of-a-new-world.com\/de\/wp-json\/wp\/v2\/comments?post=925"}],"version-history":[{"count":12,"href":"http:\/\/saga-of-a-new-world.com\/de\/wp-json\/wp\/v2\/pages\/925\/revisions"}],"predecessor-version":[{"id":937,"href":"http:\/\/saga-of-a-new-world.com\/de\/wp-json\/wp\/v2\/pages\/925\/revisions\/937"}],"up":[{"embeddable":true,"href":"http:\/\/saga-of-a-new-world.com\/de\/wp-json\/wp\/v2\/pages\/813"}],"wp:attachment":[{"href":"http:\/\/saga-of-a-new-world.com\/de\/wp-json\/wp\/v2\/media?parent=925"}],"curies":[{"name":"wp","href":"https:\/\/api.w.org\/{rel}","templated":true}]}}