{"id":3903,"date":"2023-06-27T16:46:55","date_gmt":"2023-06-27T16:46:55","guid":{"rendered":"https:\/\/saga-of-a-new-world.com\/?post_type=product&#038;p=3903"},"modified":"2023-06-30T17:13:20","modified_gmt":"2023-06-30T17:13:20","slug":"survivors-handbook","status":"publish","type":"product","link":"http:\/\/saga-of-a-new-world.com\/de\/product\/survivors-handbook\/","title":{"rendered":"Handbuch f\u00fcr \u00dcberlebende"},"content":{"rendered":"<p><strong>Spielen Sie als Sie selbst oder erstellen Sie einen anderen einzigartigen Charakter, um Ihr Schicksal in dieser neuen Welt der Magie und Technologie zu gestalten.<\/strong><\/p>\n<p>Die Neue Welt ist unsere moderne Erde, die durch ein mysteri\u00f6ses Ereignis ver\u00e4ndert wurde, das das Leben auf der Erde ver\u00e4nderte. Selbst die Menschen, die nicht in Zwerge, Elfen, Riesen oder eine der vielen anderen intelligenten Spezies, die in unsere Welt eingef\u00fchrt wurden, verwandelt wurden, haben die F\u00e4higkeiten einer anderen in ihren K\u00f6pfen verweilen. Ausgestattet mit allem, was sie brauchen - von der Beherrschung der Kampfkunst \u00fcber m\u00e4chtige Elementarmagie bis hin zu Hexerei und der geheimnisvollen Kraft der Wildnis - m\u00fcssen sich die \u00dcberlebenden gegen Tiere, die sich in t\u00f6dliche Monster verwandelt haben, gegen geheimnisvolle G\u00f6tter und gegeneinander behaupten.<\/p>","protected":false},"excerpt":{"rendered":"<h3>EINE NEUE WELT BRICHT AN<\/h3>\n<p>Das Survivor's Handbook ist das unverzichtbare Nachschlagewerk f\u00fcr jeden SAGA OF A NEW WORLD Rollenspieler und Geschichtenschreiber. Es enth\u00e4lt das Grundger\u00fcst, um zuf\u00e4llig oder absichtlich zu bestimmen, was mit Ihnen passieren w\u00fcrde, wenn der sich ver\u00e4ndernde Nebel heute \u00fcber Sie hereinbricht. Neben einer Vielzahl von Spezies und starken Spielklassen enth\u00e4lt es Regeln f\u00fcr Erkundung, moderne Feuerwaffen, Fahrzeuge und ein einzigartiges Siedlungssystem zum Aufbau und zur Verwaltung Ihrer Gemeinschaft.<\/p>","protected":false},"featured_media":3956,"template":"","meta":{"_uag_custom_page_level_css":""},"product_brand":[],"product_cat":[113],"product_tag":[],"class_list":{"0":"post-3903","1":"product","2":"type-product","3":"status-publish","4":"has-post-thumbnail","6":"product_cat-sage-einer-neuen-welt","8":"first","9":"instock","10":"downloadable","11":"virtual","12":"sold-individually","13":"purchasable","14":"product-type-simple"},"uagb_featured_image_src":{"full":["https:\/\/saga-of-a-new-world.com\/wp-content\/uploads\/2023\/06\/Book-Mockup-Survivors-Handbook.jpg",1362,1925,false],"thumbnail":["https:\/\/saga-of-a-new-world.com\/wp-content\/uploads\/2023\/06\/Book-Mockup-Survivors-Handbook-150x150.jpg",150,150,true],"medium":["https:\/\/saga-of-a-new-world.com\/wp-content\/uploads\/2023\/06\/Book-Mockup-Survivors-Handbook-212x300.jpg",212,300,true],"medium_large":["https:\/\/saga-of-a-new-world.com\/wp-content\/uploads\/2023\/06\/Book-Mockup-Survivors-Handbook-768x1085.jpg",768,1085,true],"large":["https:\/\/saga-of-a-new-world.com\/wp-content\/uploads\/2023\/06\/Book-Mockup-Survivors-Handbook-725x1024.jpg",725,1024,true],"1536x1536":["https:\/\/saga-of-a-new-world.com\/wp-content\/uploads\/2023\/06\/Book-Mockup-Survivors-Handbook-1087x1536.jpg",1087,1536,true],"2048x2048":["https:\/\/saga-of-a-new-world.com\/wp-content\/uploads\/2023\/06\/Book-Mockup-Survivors-Handbook.jpg",1362,1925,false],"trp-custom-language-flag":["https:\/\/saga-of-a-new-world.com\/wp-content\/uploads\/2023\/06\/Book-Mockup-Survivors-Handbook-8x12.jpg",8,12,true],"woocommerce_thumbnail":["https:\/\/saga-of-a-new-world.com\/wp-content\/uploads\/2023\/06\/Book-Mockup-Survivors-Handbook-400x400.jpg",400,400,true],"woocommerce_single":["https:\/\/saga-of-a-new-world.com\/wp-content\/uploads\/2023\/06\/Book-Mockup-Survivors-Handbook-700x989.jpg",700,989,true],"woocommerce_gallery_thumbnail":["https:\/\/saga-of-a-new-world.com\/wp-content\/uploads\/2023\/06\/Book-Mockup-Survivors-Handbook-100x100.jpg",100,100,true],"odrin_landscape_small":["https:\/\/saga-of-a-new-world.com\/wp-content\/uploads\/2023\/06\/Book-Mockup-Survivors-Handbook-300x225.jpg",300,225,true],"odrin_landscape_medium":["https:\/\/saga-of-a-new-world.com\/wp-content\/uploads\/2023\/06\/Book-Mockup-Survivors-Handbook-1000x600.jpg",1000,600,true],"odrin_landscape_large":["https:\/\/saga-of-a-new-world.com\/wp-content\/uploads\/2023\/06\/Book-Mockup-Survivors-Handbook-1362x1100.jpg",1362,1100,true],"odrin_landscape_wide":["https:\/\/saga-of-a-new-world.com\/wp-content\/uploads\/2023\/06\/Book-Mockup-Survivors-Handbook-1362x300.jpg",1362,300,true],"odrin_square_small":["https:\/\/saga-of-a-new-world.com\/wp-content\/uploads\/2023\/06\/Book-Mockup-Survivors-Handbook-100x100.jpg",100,100,true],"odrin_portrait":["https:\/\/saga-of-a-new-world.com\/wp-content\/uploads\/2023\/06\/Book-Mockup-Survivors-Handbook-400x550.jpg",400,550,true],"odrin_small_soft":["https:\/\/saga-of-a-new-world.com\/wp-content\/uploads\/2023\/06\/Book-Mockup-Survivors-Handbook-283x400.jpg",283,400,true],"odrin_medium":["https:\/\/saga-of-a-new-world.com\/wp-content\/uploads\/2023\/06\/Book-Mockup-Survivors-Handbook-700x700.jpg",700,700,true],"odrin_medium_soft":["https:\/\/saga-of-a-new-world.com\/wp-content\/uploads\/2023\/06\/Book-Mockup-Survivors-Handbook-495x700.jpg",495,700,true],"odrin_large":["https:\/\/saga-of-a-new-world.com\/wp-content\/uploads\/2023\/06\/Book-Mockup-Survivors-Handbook-1300x1300.jpg",1300,1300,true],"odrin_large_soft":["https:\/\/saga-of-a-new-world.com\/wp-content\/uploads\/2023\/06\/Book-Mockup-Survivors-Handbook-920x1300.jpg",920,1300,true],"post-thumbnail":["https:\/\/saga-of-a-new-world.com\/wp-content\/uploads\/2023\/06\/Book-Mockup-Survivors-Handbook-50x50.jpg",50,50,true]},"uagb_author_info":{"display_name":"Ember","author_link":"http:\/\/saga-of-a-new-world.com\/de\/author\/"},"uagb_comment_info":0,"uagb_excerpt":"A NEW WORLD DAWNS The Survivor's Handbook is the essential reference for any SAGA OF A NEW WORLD roleplayer and story writer. It contains the framework for randomly or deliberately determining what would happen to you should the changing fog descend today. In addition to a diverse set of species and potent classes to play&hellip;","_links":{"self":[{"href":"http:\/\/saga-of-a-new-world.com\/de\/wp-json\/wp\/v2\/product\/3903","targetHints":{"allow":["GET"]}}],"collection":[{"href":"http:\/\/saga-of-a-new-world.com\/de\/wp-json\/wp\/v2\/product"}],"about":[{"href":"http:\/\/saga-of-a-new-world.com\/de\/wp-json\/wp\/v2\/types\/product"}],"wp:featuredmedia":[{"embeddable":true,"href":"http:\/\/saga-of-a-new-world.com\/de\/wp-json\/wp\/v2\/media\/3956"}],"wp:attachment":[{"href":"http:\/\/saga-of-a-new-world.com\/de\/wp-json\/wp\/v2\/media?parent=3903"}],"wp:term":[{"taxonomy":"product_brand","embeddable":true,"href":"http:\/\/saga-of-a-new-world.com\/de\/wp-json\/wp\/v2\/product_brand?post=3903"},{"taxonomy":"product_cat","embeddable":true,"href":"http:\/\/saga-of-a-new-world.com\/de\/wp-json\/wp\/v2\/product_cat?post=3903"},{"taxonomy":"product_tag","embeddable":true,"href":"http:\/\/saga-of-a-new-world.com\/de\/wp-json\/wp\/v2\/product_tag?post=3903"}],"curies":[{"name":"wp","href":"https:\/\/api.w.org\/{rel}","templated":true}]}}