{"id":3707,"date":"2021-11-16T13:09:44","date_gmt":"2021-11-16T13:09:44","guid":{"rendered":"https:\/\/saga-of-a-new-world.com\/?page_id=3707"},"modified":"2023-11-22T08:40:05","modified_gmt":"2023-11-22T08:40:05","slug":"privacy-policy","status":"publish","type":"page","link":"https:\/\/saga-of-a-new-world.com\/de\/privacy-policy\/","title":{"rendered":"Datenschutzerkl\u00e4rung"},"content":{"rendered":"<p><strong>1. Datenschutz auf einen Blick<\/strong><strong><\/strong><\/p>\n\n\n\n<p><strong>Allgemeine Informationen<\/strong><strong><\/strong><\/p>\n\n\n\n<p>Die folgenden Hinweise geben einen einfachen \u00dcberblick dar\u00fcber, was mit Ihren personenbezogenen Daten passiert, wenn Sie diese Website besuchen. Personenbezogene Daten sind alle Daten, mit denen Sie pers\u00f6nlich identifiziert werden k\u00f6nnen. Ausf\u00fchrliche Informationen zum Thema Datenschutz finden Sie in unserer unter diesem Text aufgef\u00fchrten Datenschutzerkl\u00e4rung.<\/p>\n\n\n\n<p><strong>Datenerhebung auf dieser Website<\/strong><strong><\/strong><\/p>\n\n\n\n<p><strong>Wer ist f\u00fcr die Datenerfassung auf dieser Website verantwortlich?<\/strong><strong><\/strong><\/p>\n\n\n\n<p>Die Datenverarbeitung auf dieser Website erfolgt durch den Websitebetreiber. Deren Kontaktdaten finden Sie im Abschnitt \"Hinweis auf die verantwortliche Stelle\" in dieser Datenschutzerkl\u00e4rung.<\/p>\n\n\n\n<p><strong>Wie sammeln wir Ihre Daten?<\/strong><strong><\/strong><\/p>\n\n\n\n<p>Zum einen werden Ihre Daten erhoben, indem Sie sie uns zur Verf\u00fcgung stellen. Dies k\u00f6nnen z.B. Daten sein, die Sie in ein Kontaktformular eingeben.<\/p>\n\n\n\n<p>Andere Daten werden automatisch oder mit Ihrer Zustimmung beim Besuch der Website durch unsere IT-Systeme erfasst. Dabei handelt es sich haupts\u00e4chlich um technische Daten (z.B. Internet-Browser, Betriebssystem oder Zeitpunkt des Seitenaufrufs). Diese Daten werden automatisch erfasst, sobald Sie diese Website betreten.<\/p>\n\n\n\n<p><strong>Wozu verwenden wir Ihre Daten?<\/strong><strong><\/strong><\/p>\n\n\n\n<p>Ein Teil der Daten wird erhoben, um eine fehlerfreie Bereitstellung der Website zu gew\u00e4hrleisten. Andere Daten k\u00f6nnen verwendet werden, um Ihr Nutzerverhalten zu analysieren.<\/p>\n\n\n\n<p><strong>Welche Rechte haben Sie in Bezug auf Ihre Daten?<\/strong><strong><\/strong><\/p>\n\n\n\n<p>Sie haben jederzeit das Recht, unentgeltlich Auskunft \u00fcber Herkunft, Empf\u00e4nger und Zweck Ihrer gespeicherten personenbezogenen Daten zu erhalten. Sie haben au\u00dferdem das Recht, die Berichtigung oder L\u00f6schung dieser Daten zu verlangen. Wenn Sie in die Datenverarbeitung eingewilligt haben, k\u00f6nnen Sie diese Einwilligung jederzeit mit Wirkung f\u00fcr die Zukunft widerrufen. Sie haben auch das Recht, unter bestimmten Umst\u00e4nden die Einschr\u00e4nkung der Verarbeitung Ihrer personenbezogenen Daten zu verlangen. Au\u00dferdem haben Sie das Recht, eine Beschwerde bei der zust\u00e4ndigen Aufsichtsbeh\u00f6rde einzureichen.<\/p>\n\n\n\n<p>Sie k\u00f6nnen sich jederzeit an uns wenden, wenn Sie weitere Fragen zum Thema \"Datenschutz\" haben.<\/p>\n\n\n\n<p><strong>2. Hosting<\/strong><strong><\/strong><\/p>\n\n\n\n<p><strong>IONOS<\/strong><strong><\/strong><\/p>\n\n\n\n<p>Wir hosten unsere Website bei der IONOS SE. Der Provider ist die IONOS SE, Elgendorfer Str. 57, 56410 Montabaur (nachfolgend: IONOS). Wenn Sie unsere Website besuchen, erhebt IONOS verschiedene Protokolldateien einschlie\u00dflich Ihrer IP-Adressen. Einzelheiten entnehmen Sie bitte den Datenschutzbestimmungen von IONOS: <a href=\"https:\/\/www.ionos.de\/terms-gtc\/terms-privacy\" target=\"_blank\" rel=\"noreferrer noopener\">https:\/\/www.ionos.de\/terms-gtc\/terms-privacy<\/a>.<\/p>\n\n\n\n<p>Die Nutzung von IONOS erfolgt auf der Grundlage von Art. 6 Abs.. 1 lit. f GDPR. Wir haben ein berechtigtes Interesse an einer m\u00f6glichst zuverl\u00e4ssigen Darstellung unserer Website. Sofern eine entsprechende Einwilligung eingeholt wurde, erfolgt die Verarbeitung ausschlie\u00dflich auf der Grundlage von Art. 6 Abs. 1 lit. a DS-GVO; die Einwilligung kann jederzeit widerrufen werden.<\/p>\n\n\n\n<p><strong>Auftragsabwicklung<\/strong><strong><\/strong><\/p>\n\n\n\n<p>Wir haben mit dem oben genannten Anbieter einen Vertrag zur Auftragsverarbeitung (DPA) abgeschlossen. Dabei handelt es sich um einen datenschutzrechtlich vorgeschriebenen Vertrag, der sicherstellt, dass er die personenbezogenen Daten unserer Website-Besucher nur nach unseren Anweisungen und in \u00dcbereinstimmung mit der DSGVO verarbeitet.<\/p>\n\n\n\n<p><strong>3. Allgemeine Informationen und Pflichtangaben<\/strong><strong><\/strong><\/p>\n\n\n\n<p><strong>Datenschutz<\/strong><strong><\/strong><\/p>\n\n\n\n<p>Die Betreiber dieser Seiten nehmen den Schutz Ihrer pers\u00f6nlichen Daten sehr ernst. Wir behandeln Ihre personenbezogenen Daten vertraulich und entsprechend der gesetzlichen Datenschutzvorschriften sowie dieser Datenschutzerkl\u00e4rung.<\/p>\n\n\n\n<p>Wenn Sie diese Website nutzen, werden verschiedene personenbezogene Daten erhoben. Personenbezogene Daten sind Daten, mit denen Sie pers\u00f6nlich identifiziert werden k\u00f6nnen. Diese Datenschutzerkl\u00e4rung erl\u00e4utert, welche Daten wir sammeln und wof\u00fcr wir sie verwenden. Sie erkl\u00e4rt auch, wie und zu welchem Zweck dies geschieht.<\/p>\n\n\n\n<p>Wir weisen darauf hin, dass die Daten\u00fcbertragung im Internet (z.B. bei der Kommunikation per E-Mail) Sicherheitsl\u00fccken aufweisen kann. Ein l\u00fcckenloser Schutz der Daten vor dem Zugriff durch Dritte ist nicht m\u00f6glich.<\/p>\n\n\n\n<p><strong>Hinweis auf die zust\u00e4ndige Stelle<\/strong><strong><\/strong><\/p>\n\n\n\n<p>Die verantwortliche Stelle f\u00fcr die Datenverarbeitung auf dieser Website ist:<\/p>\n\n\n\n<p>Louis F. Krahn<\/p>\n\n\n\n<p>Schafweideweg 3<\/p>\n\n\n\n<p>71063 Sindelfingen<\/p>\n\n\n\n<p><\/p>\n\n\n\n<p>E-Mail: contact@saga-of-a-new-world.com<\/p>\n\n\n\n<p>Die verantwortliche Stelle ist die nat\u00fcrliche oder juristische Person, die allein oder gemeinsam mit anderen \u00fcber die Zwecke und Mittel der Verarbeitung personenbezogener Daten (z. B. Namen, E-Mail-Adressen usw.) entscheidet.<\/p>\n\n\n\n<p><strong>Dauer der Lagerung<\/strong><strong><\/strong><\/p>\n\n\n\n<p>Sofern in dieser Datenschutzerkl\u00e4rung keine genauere Speicherdauer angegeben ist, verbleiben Ihre personenbezogenen Daten bei uns, bis der Zweck der Datenverarbeitung entf\u00e4llt. Wenn Sie einen berechtigten Antrag auf L\u00f6schung stellen oder Ihre Einwilligung zur Datenverarbeitung widerrufen, werden Ihre Daten gel\u00f6scht, es sei denn, wir haben andere gesetzlich zul\u00e4ssige Gr\u00fcnde f\u00fcr die Speicherung Ihrer personenbezogenen Daten (z.B. steuer- oder handelsrechtliche Aufbewahrungsfristen); im letzteren Fall erfolgt die L\u00f6schung nach Wegfall dieser Gr\u00fcnde.<\/p>\n\n\n\n<p><strong>Hinweis zur Daten\u00fcbermittlung in die USA und andere Drittl\u00e4nder<\/strong><strong><\/strong><\/p>\n\n\n\n<p>Wir verwenden unter anderem Tools von Unternehmen mit Sitz in den USA oder anderen Drittl\u00e4ndern, die datenschutzrechtlich nicht sicher sind. Wenn diese Tools aktiv sind, k\u00f6nnen Ihre personenbezogenen Daten in diese Drittl\u00e4nder \u00fcbermittelt und dort verarbeitet werden. Wir weisen darauf hin, dass in diesen L\u00e4ndern kein mit der EU vergleichbares Datenschutzniveau gew\u00e4hrleistet werden kann. So sind z.B. US-amerikanische Unternehmen verpflichtet, personenbezogene Daten an Sicherheitsbeh\u00f6rden herauszugeben, ohne dass Sie als betroffene Person dagegen rechtlich vorgehen k\u00f6nnen. Es kann daher nicht ausgeschlossen werden, dass US-Beh\u00f6rden (z.B. Geheimdienste) Ihre Daten zu \u00dcberwachungszwecken verarbeiten, auswerten und dauerhaft auf US-Servern speichern. Auf diese Verarbeitungsvorg\u00e4nge haben wir keinen Einfluss.<\/p>\n\n\n\n<p><strong>Widerruf der Einwilligung in die Datenverarbeitung<\/strong><strong><\/strong><\/p>\n\n\n\n<p>Viele Datenverarbeitungsvorg\u00e4nge sind nur mit Ihrer ausdr\u00fccklichen Zustimmung m\u00f6glich. Sie k\u00f6nnen Ihre Einwilligung jederzeit widerrufen. Die Rechtm\u00e4\u00dfigkeit der bis zum Widerruf erfolgten Datenverarbeitung bleibt vom Widerruf unber\u00fchrt.<\/p>\n\n\n\n<p><strong>Recht auf Widerspruch gegen die Datenerhebung in besonderen F\u00e4llen sowie gegen Direktmarketing (Art. 21 GDPR)<\/strong><strong><\/strong><\/p>\n\n\n\n<p>WENN DIE DATENVERARBEITUNG AUF DER GRUNDLAGE VON ART. 6 PARA. 1 LIT. E ODER F GDPR, HABEN SIE DAS RECHT, AUS GR\u00dcNDEN, DIE SICH AUS IHRER BESONDEREN SITUATION ERGEBEN, JEDERZEIT GEGEN DIE VERARBEITUNG IHRER PERSONENBEZOGENEN DATEN WIDERSPRUCH EINZULEGEN; DIES GILT AUCH F\u00dcR EIN AUF DIESE BESTIMMUNGEN GEST\u00dcTZTES PROFILING. DIE JEWEILIGE RECHTSGRUNDLAGE, AUF DIE SICH DIE VERARBEITUNG ST\u00dcTZT, FINDEN SIE IN DIESER DATENSCHUTZERKL\u00c4RUNG. WENN SIE WIDERSPRECHEN, WERDEN WIR IHRE BETROFFENEN PERSONENBEZOGENEN DATEN NICHT MEHR VERARBEITEN, ES SEI DENN, WIR K\u00d6NNEN ZWINGENDE SCHUTZW\u00dcRDIGE GR\u00dcNDE F\u00dcR DIE VERARBEITUNG NACHWEISEN, DIE IHRE INTERESSEN, RECHTE UND FREIHEITEN \u00dcBERWIEGEN, ODER DIE DER GELTENDMACHUNG, AUS\u00dcBUNG ODER VERTEIDIGUNG VON RECHTSANSPR\u00dcCHEN DIENEN (WIDERSPRUCH NACH ARTIKEL 21 (1) GDPR).<\/p>\n\n\n\n<p>WERDEN IHRE PERSONENBEZOGENEN DATEN VERARBEITET, UM DIREKTWERBUNG ZU BETREIBEN, SO HABEN SIE DAS RECHT, JEDERZEIT WIDERSPRUCH GEGEN DIE VERARBEITUNG DER SIE BETREFFENDEN PERSONENBEZOGENEN DATEN ZUM ZWECKE DERARTIGER WERBUNG EINZULEGEN; DIES GILT AUCH F\u00dcR DAS PROFILING, SOWEIT ES MIT SOLCHER DIREKTWERBUNG IN VERBINDUNG STEHT. WENN SIE WIDERSPRECHEN, WERDEN IHRE PERSONENBEZOGENEN DATEN NICHT MEHR F\u00dcR DIE ZWECKE DER DIREKTWERBUNG VERWENDET (WIDERSPRUCH GEM\u00c4SS ART. 21 ABS. 2 DSGVO).<\/p>\n\n\n\n<p><strong>Recht auf Einreichung einer Beschwerde bei der zust\u00e4ndigen Aufsichtsbeh\u00f6rde<\/strong><strong><\/strong><\/p>\n\n\n\n<p>Im Falle von Verst\u00f6\u00dfen gegen die DSGVO haben die betroffenen Personen das Recht, eine Beschwerde bei einer Aufsichtsbeh\u00f6rde einzureichen, insbesondere in dem Mitgliedstaat ihres gew\u00f6hnlichen Aufenthalts, ihres Arbeitsplatzes oder des Ortes des mutma\u00dflichen Versto\u00dfes. Das Recht, eine Beschwerde einzureichen, l\u00e4sst andere verwaltungsrechtliche oder gerichtliche Rechtsbehelfe unber\u00fchrt.<\/p>\n\n\n\n<p><strong>Recht auf Daten\u00fcbertragbarkeit<\/strong><strong><\/strong><\/p>\n\n\n\n<p>Sie haben das Recht, Daten, die wir aufgrund Ihrer Einwilligung oder in Erf\u00fcllung eines Vertrages automatisiert verarbeiten, an Sie oder an einen Dritten in einem g\u00e4ngigen, maschinenlesbaren Format aush\u00e4ndigen zu lassen. Wenn Sie die direkte \u00dcbermittlung der Daten an einen anderen f\u00fcr die Verarbeitung Verantwortlichen verlangen, erfolgt dies nur, soweit es technisch machbar ist.<\/p>\n\n\n\n<p><strong>SSL- oder TLS-Verschl\u00fcsselung<\/strong><strong><\/strong><\/p>\n\n\n\n<p>Diese Seite verwendet aus Sicherheitsgr\u00fcnden und zum Schutz der \u00dcbertragung vertraulicher Inhalte, wie z.B. Bestellungen oder Anfragen, die Sie an uns als Seitenbetreiber senden, eine SSL- oder TLS-Verschl\u00fcsselung. Eine verschl\u00fcsselte Verbindung erkennen Sie daran, dass die Adresszeile des Browsers von \"http:\/\/\" auf \"https:\/\/\" wechselt und an dem Schloss-Symbol in Ihrer Browserzeile.<\/p>\n\n\n\n<p>Wenn die SSL- oder TLS-Verschl\u00fcsselung aktiviert ist, k\u00f6nnen die Daten, die Sie an uns \u00fcbermitteln, nicht von Dritten gelesen werden.<\/p>\n\n\n\n<p><strong>Information, L\u00f6schung und Berichtigung<\/strong><strong><\/strong><\/p>\n\n\n\n<p>Sie haben im Rahmen der geltenden gesetzlichen Bestimmungen jederzeit das Recht auf unentgeltliche Auskunft \u00fcber Ihre gespeicherten personenbezogenen Daten, deren Herkunft und Empf\u00e4nger und den Zweck der Datenverarbeitung sowie ggf. ein Recht auf Berichtigung oder L\u00f6schung dieser Daten. Hierzu sowie zu weiteren Fragen zum Thema personenbezogene Daten k\u00f6nnen Sie sich jederzeit an uns wenden.<\/p>\n\n\n\n<p><strong>Recht auf Einschr\u00e4nkung der Verarbeitung<\/strong><strong><\/strong><\/p>\n\n\n\n<p>Sie haben das Recht, die Einschr\u00e4nkung der Verarbeitung Ihrer personenbezogenen Daten zu verlangen. Sie k\u00f6nnen sich jederzeit an uns wenden. Das Recht auf Einschr\u00e4nkung der Verarbeitung besteht in den folgenden F\u00e4llen:<\/p>\n\n\n\n<ul class=\"wp-block-list\">\n<li>Wenn Sie die Richtigkeit Ihrer bei uns gespeicherten personenbezogenen Daten bestreiten, ben\u00f6tigen wir in der Regel Zeit, um dies zu \u00fcberpr\u00fcfen. F\u00fcr die Dauer der Pr\u00fcfung haben Sie das Recht, die Einschr\u00e4nkung der Verarbeitung Ihrer personenbezogenen Daten zu verlangen.<\/li>\n\n\n\n<li>Wenn die Verarbeitung Ihrer personenbezogenen Daten unrechtm\u00e4\u00dfig war\/ist, k\u00f6nnen Sie anstelle der L\u00f6schung die Einschr\u00e4nkung der Datenverarbeitung verlangen.<\/li>\n\n\n\n<li>Wenn wir Ihre personenbezogenen Daten nicht mehr ben\u00f6tigen, Sie diese aber zur Geltendmachung, Aus\u00fcbung oder Verteidigung von Rechtsanspr\u00fcchen ben\u00f6tigen, haben Sie das Recht, anstelle der L\u00f6schung die Einschr\u00e4nkung der Verarbeitung Ihrer personenbezogenen Daten zu verlangen.<\/li>\n\n\n\n<li>Wenn Sie einen Widerspruch gem\u00e4\u00df Artikel 21 (1) DSGVO eingelegt haben, muss eine Abw\u00e4gung zwischen Ihren und unseren Interessen erfolgen. Solange noch nicht klar ist, wessen Interessen \u00fcberwiegen, haben Sie das Recht, die Einschr\u00e4nkung der Verarbeitung Ihrer personenbezogenen Daten zu verlangen.<\/li>\n<\/ul>\n\n\n\n<p>Wenn Sie die Verarbeitung Ihrer personenbezogenen Daten eingeschr\u00e4nkt haben, d\u00fcrfen diese Daten - abgesehen von ihrer Speicherung - nur mit Ihrer Einwilligung oder zur Begr\u00fcndung, Aus\u00fcbung oder Verteidigung von Rechtsanspr\u00fcchen oder zum Schutz der Rechte einer anderen nat\u00fcrlichen oder juristischen Person oder aus Gr\u00fcnden eines wichtigen \u00f6ffentlichen Interesses der Europ\u00e4ischen Union oder eines Mitgliedstaats verarbeitet werden.<\/p>\n\n\n\n<p><strong>4. Datenerhebung auf dieser Website<\/strong><strong><\/strong><\/p>\n\n\n\n<p><strong>Cookies<\/strong><strong><\/strong><\/p>\n\n\n\n<p>Unsere Internetseiten verwenden so genannte \"Cookies\". Cookies sind kleine Textdateien und richten auf Ihrem Ger\u00e4t keinen Schaden an. Sie werden entweder tempor\u00e4r f\u00fcr die Dauer einer Sitzung (Session-Cookies) oder dauerhaft (permanente Cookies) auf Ihrem Ger\u00e4t gespeichert. Sitzungs-Cookies werden nach Beendigung Ihres Besuchs automatisch gel\u00f6scht. Permanente Cookies bleiben auf Ihrem Ger\u00e4t gespeichert, bis Sie sie selbst l\u00f6schen oder sie automatisch von Ihrem Webbrowser gel\u00f6scht werden.<\/p>\n\n\n\n<p>In einigen F\u00e4llen k\u00f6nnen auch Cookies von Drittunternehmen auf Ihrem Ger\u00e4t gespeichert werden, wenn Sie unsere Website aufrufen (Drittanbieter-Cookies). Diese erm\u00f6glichen es uns oder Ihnen, bestimmte Dienste des Drittunternehmens zu nutzen (z. B. Cookies zur Abwicklung von Zahlungsdiensten).<\/p>\n\n\n\n<p>Cookies haben unterschiedliche Funktionen. Zahlreiche Cookies sind technisch notwendig, weil bestimmte Funktionen der Website ohne sie nicht funktionieren w\u00fcrden (z.B. die Warenkorbfunktion oder die Anzeige von Videos). Andere Cookies werden zur Auswertung des Nutzerverhaltens oder zur Anzeige von Werbung verwendet.<\/p>\n\n\n\n<p>Cookies, die zur Durchf\u00fchrung des elektronischen Kommunikationsvorgangs (notwendige Cookies) oder zur Bereitstellung bestimmter, von Ihnen gew\u00fcnschter Funktionen (funktionale Cookies, z.B. f\u00fcr die Warenkorbfunktion) oder zur Optimierung der Website (z.B. Cookies zur Messung des Webpublikums) erforderlich sind, werden auf Grundlage von Art. 6 Abs.. 1 lit. f GDPR gespeichert, sofern keine andere Rechtsgrundlage angegeben ist. Der Websitebetreiber hat ein berechtigtes Interesse an der Speicherung von Cookies zur technisch fehlerfreien und optimierten Bereitstellung seiner Dienste. Sofern eine Einwilligung in die Speicherung von Cookies eingeholt wurde, erfolgt die Speicherung der betreffenden Cookies ausschlie\u00dflich auf Grundlage dieser Einwilligung (Art. 6 Abs. 1 lit. a DSGVO); die Einwilligung kann jederzeit widerrufen werden.<\/p>\n\n\n\n<p>Sie k\u00f6nnen Ihren Browser so einstellen, dass Sie \u00fcber das Setzen von Cookies informiert werden und Cookies nur im Einzelfall erlauben, die Annahme von Cookies f\u00fcr bestimmte F\u00e4lle oder generell ausschlie\u00dfen sowie das automatische L\u00f6schen der Cookies beim Schlie\u00dfen des Browser aktivieren. Bei der Deaktivierung von Cookies kann die Funktionalit\u00e4t dieser Website eingeschr\u00e4nkt sein.<\/p>\n\n\n\n<p>Soweit Cookies von Drittunternehmen oder zu Analysezwecken eingesetzt werden, werden wir Sie im Rahmen dieser Datenschutzerkl\u00e4rung gesondert darauf hinweisen und ggf. um Ihre Einwilligung bitten.<\/p>\n\n\n\n<p>Ein Cookie wird verwendet, um festzustellen, ob Sie die Verwendung von Cookies bereits durch Anklicken des Banners akzeptiert haben. Ein anderes wird verwendet, um zu verfolgen, welche Artikel Sie in Ihren Warenkorb gelegt haben.<\/p>\n\n\n\n<p><strong>Formulare<\/strong><\/p>\n\n\n\n<p>Wenn Sie das Formular im Rahmen des Bestellvorgangs ausf\u00fcllen, werden Ihre Daten gespeichert, um Ihre Bestellung auszuf\u00fchren und eventuelle Anfragen zu bearbeiten, die Sie im Zusammenhang mit der Ausf\u00fchrung Ihrer Bestellung stellen. Ihr Name und Ihre Adresse werden an die Deutsche Post weitergegeben, damit sie auf ein Paket f\u00fcr den Versand gedruckt werden k\u00f6nnen. Das Paket wird dann an Sie verschickt. Ihr Name und Ihre Adresse sind f\u00fcr jeden, der das Paket ausliefert, sichtbar.<\/p>\n\n\n\n<p>Die Verarbeitung dieser Daten erfolgt auf der Grundlage von Art. 6 Abs.. 1 lit.b DSGVO, da die Verarbeitung und Weitergabe f\u00fcr die Erf\u00fcllung eines Vertrages erforderlich ist oder zur Durchf\u00fchrung vorvertraglicher Ma\u00dfnahmen notwendig ist.<\/p>\n\n\n\n<p><strong>Kontakt<\/strong><strong><\/strong><\/p>\n\n\n\n<p>Wenn Sie uns per Kontaktformular Anfragen zukommen lassen, werden Ihre Angaben aus dem Anfrageformular inklusive der von Ihnen dort angegebenen Kontaktdaten zwecks Bearbeitung der Anfrage und f\u00fcr den Fall von Anschlussfragen bei uns gespeichert. Diese Daten geben wir nicht ohne Ihre Einwilligung weiter.<\/p>\n\n\n\n<p>Die Verarbeitung dieser Daten erfolgt auf der Grundlage von Art. 6 Abs.. 1 lit.b GDPR, wenn Ihre Anfrage im Zusammenhang mit der Erf\u00fcllung eines Vertrages steht oder zur Durchf\u00fchrung vorvertraglicher Ma\u00dfnahmen erforderlich ist. In allen anderen F\u00e4llen beruht die Verarbeitung auf unserem berechtigten Interesse an der effektiven Bearbeitung der an uns gerichteten Anfragen (Art. 6 Abs. 1 lit. f GDPR) oder auf Ihrer Einwilligung (Art. 6 Abs. 1 lit. a GDPR), wenn diese eingeholt wurde.<\/p>\n\n\n\n<p>Die von Ihnen im Kontaktformular eingegebenen Daten verbleiben bei uns, bis Sie uns zur L\u00f6schung auffordern, Ihre Einwilligung zur Speicherung widerrufen oder der Zweck f\u00fcr die Datenspeicherung entf\u00e4llt (z.B. nach Erledigung Ihrer Anfrage). Zwingende gesetzliche Bestimmungen - insbesondere Aufbewahrungsfristen - bleiben hiervon unber\u00fchrt.<\/p>\n\n\n\n<p><strong>Anfrage per E-Mail, Telefon oder Fax<\/strong><strong><\/strong><\/p>\n\n\n\n<p>Wenn Sie sich per E-Mail, Telefon oder Fax an uns wenden, wird Ihr Anliegen einschlie\u00dflich der sich daraus ergebenden personenbezogenen Daten (Name, Anliegen) von uns zum Zweck der Bearbeitung Ihres Anliegens gespeichert und verarbeitet. Wir geben diese Daten nicht ohne Ihre Zustimmung weiter.<\/p>\n\n\n\n<p>Die Verarbeitung dieser Daten erfolgt auf der Grundlage von Art. 6 Abs.. 1 lit.b GDPR, wenn Ihre Anfrage im Zusammenhang mit der Erf\u00fcllung eines Vertrages steht oder zur Durchf\u00fchrung vorvertraglicher Ma\u00dfnahmen erforderlich ist. In allen anderen F\u00e4llen beruht die Verarbeitung auf unserem berechtigten Interesse an der effektiven Bearbeitung der an uns gerichteten Anfragen (Art. 6 Abs. 1 lit. f GDPR) oder auf Ihrer Einwilligung (Art. 6 Abs. 1 lit. a GDPR), wenn diese eingeholt wurde. Die Daten, die Sie uns \u00fcber Kontaktanfragen zukommen lassen, verbleiben bei uns, bis Sie uns zur L\u00f6schung auffordern, Ihre Einwilligung zur Speicherung widerrufen oder der Zweck f\u00fcr die Datenspeicherung entf\u00e4llt (z.B. nach Bearbeitung Ihrer Anfrage). Zwingende gesetzliche Bestimmungen - insbesondere gesetzliche Aufbewahrungsfristen - bleiben hiervon unber\u00fchrt.<\/p>\n\n\n\n<p><strong>Google Analytics<\/strong><\/p>\n\n\n\n<p>Diese Website benutzt den Dienst \"Google Analytics\", ein Angebot der Google Inc. (1600 Amphitheatre Parkway Mountain View, CA 94043, USA) angeboten wird, um die Nutzung der Website durch die Nutzer zu analysieren. Der Dienst verwendet \"Cookies\" - Textdateien, die auf Ihrem Endger\u00e4t gespeichert werden. Die durch die Cookies gesammelten Informationen werden in der Regel an einen Server von Google in den USA gesendet und dort gespeichert.<\/p>\n\n\n\n<p>Auf dieser Website wird die IP-Anonymisierung verwendet. Die IP-Adresse des Nutzers wird innerhalb der Mitgliedsstaaten der EU und des Europ\u00e4ischen Wirtschaftsraums gek\u00fcrzt. Durch diese K\u00fcrzung wird der Personenbezug Ihrer IP-Adresse aufgehoben. Im Rahmen des Auftragsdatenvertrages, den die Betreiber der Website mit der Google Inc. abgeschlossen haben, nutzt diese die gesammelten Informationen, um eine Auswertung der Website-Nutzung und der Website-Aktivit\u00e4ten zu erstellen und erbringt mit der Internetnutzung verbundene Dienstleistungen.<\/p>\n\n\n\n<p>Sie haben die M\u00f6glichkeit, die Speicherung des Cookies auf Ihrem Ger\u00e4t durch entsprechende Einstellungen in Ihrem Browser zu verhindern. Es ist nicht gew\u00e4hrleistet, dass Sie alle Funktionen dieser Website ohne Einschr\u00e4nkungen nutzen k\u00f6nnen, wenn Ihr Browser keine Cookies zul\u00e4sst.<\/p>\n\n\n\n<p>Dar\u00fcber hinaus k\u00f6nnen Sie ein Browser-Plugin verwenden, um zu verhindern, dass die durch Cookies gesammelten Informationen (einschlie\u00dflich Ihrer IP-Adresse) an die Google Inc. gesendet und von dieser verwendet werden. Der folgende Link f\u00fchrt Sie zu dem entsprechenden Plugin: https:\/\/tools.google.com\/dlpage\/gaoptout?hl=de.<br>Hier finden Sie weitere Informationen \u00fcber die Nutzung von Daten durch Google Inc.: https:\/\/support.google.com\/analytics\/answer\/6004245?hl=de<\/p>","protected":false},"excerpt":{"rendered":"<p>1. Datenschutz auf einen Blick Allgemeine Informationen Die folgenden Hinweise geben einen einfachen \u00dcberblick dar\u00fcber, was mit Ihren personenbezogenen Daten passiert, wenn Sie diese Website besuchen. Personenbezogene Daten sind hierbei alle Daten, mit denen Sie pers\u00f6nlich identifiziert werden k\u00f6nnen. Ausf\u00fchrliche Informationen zum Thema Datenschutz finden Sie in unserer Datenschutzerkl\u00e4rung...<\/p>","protected":false},"author":1,"featured_media":0,"parent":0,"menu_order":0,"comment_status":"closed","ping_status":"closed","template":"","meta":{"_uag_custom_page_level_css":"","footnotes":""},"class_list":["post-3707","page","type-page","status-publish","hentry"],"uagb_featured_image_src":{"full":false,"thumbnail":false,"medium":false,"medium_large":false,"large":false,"1536x1536":false,"2048x2048":false,"trp-custom-language-flag":false,"woocommerce_thumbnail":false,"woocommerce_single":false,"woocommerce_gallery_thumbnail":false,"odrin_landscape_small":false,"odrin_landscape_medium":false,"odrin_landscape_large":false,"odrin_landscape_wide":false,"odrin_square_small":false,"odrin_portrait":false,"odrin_small_soft":false,"odrin_medium":false,"odrin_medium_soft":false,"odrin_large":false,"odrin_large_soft":false,"post-thumbnail":false},"uagb_author_info":{"display_name":"Ember","author_link":"https:\/\/saga-of-a-new-world.com\/de\/author\/ember\/"},"uagb_comment_info":0,"uagb_excerpt":"1. Data protection at a glance General information The following notes provide a simple overview of what happens to your personal data when you visit this website. Personal data is any data with which you can be personally identified. Detailed information on the subject of data protection can be found in our data protection declaration...","_links":{"self":[{"href":"https:\/\/saga-of-a-new-world.com\/de\/wp-json\/wp\/v2\/pages\/3707","targetHints":{"allow":["GET"]}}],"collection":[{"href":"https:\/\/saga-of-a-new-world.com\/de\/wp-json\/wp\/v2\/pages"}],"about":[{"href":"https:\/\/saga-of-a-new-world.com\/de\/wp-json\/wp\/v2\/types\/page"}],"author":[{"embeddable":true,"href":"https:\/\/saga-of-a-new-world.com\/de\/wp-json\/wp\/v2\/users\/1"}],"replies":[{"embeddable":true,"href":"https:\/\/saga-of-a-new-world.com\/de\/wp-json\/wp\/v2\/comments?post=3707"}],"version-history":[{"count":6,"href":"https:\/\/saga-of-a-new-world.com\/de\/wp-json\/wp\/v2\/pages\/3707\/revisions"}],"predecessor-version":[{"id":4054,"href":"https:\/\/saga-of-a-new-world.com\/de\/wp-json\/wp\/v2\/pages\/3707\/revisions\/4054"}],"wp:attachment":[{"href":"https:\/\/saga-of-a-new-world.com\/de\/wp-json\/wp\/v2\/media?parent=3707"}],"curies":[{"name":"wp","href":"https:\/\/api.w.org\/{rel}","templated":true}]}}