{"id":3713,"date":"2021-11-16T14:34:23","date_gmt":"2021-11-16T14:34:23","guid":{"rendered":"https:\/\/saga-of-a-new-world.com\/?page_id=3713"},"modified":"2022-02-02T09:28:12","modified_gmt":"2022-02-02T09:28:12","slug":"terms-and-conditions","status":"publish","type":"page","link":"https:\/\/saga-of-a-new-world.com\/de\/terms-and-conditions\/","title":{"rendered":"Allgemeine Gesch\u00e4ftsbedingungen"},"content":{"rendered":"<p>Allgemeine Verkaufsbedingungen<\/p>\n\n\n\n<h2 class=\"wp-block-heading\">Umfang<\/h2>\n\n\n\n<p>Diese Allgemeinen Gesch\u00e4ftsbedingungen gelten f\u00fcr alle K\u00e4ufe beim Betreiber der Website: saga-of-a-new-world.com (der Verk\u00e4ufer)<\/p>\n\n\n\n<h2 class=\"wp-block-heading\">Preise und Versandkosten<\/h2>\n\n\n\n<p>Die angegebenen Preise sind Endpreise inklusive Mehrwertsteuer (falls zutreffend) und Versandkosten an eine deutsche Adresse. Es gilt der zum Zeitpunkt der verbindlichen Bestellung ausgewiesene Betrag.<\/p>\n\n\n\n<h2 class=\"wp-block-heading\">Vertragsabschluss\/Zahlung<\/h2>\n\n\n\n<p>Die Bezahlung erfolgt bei Bestellung per PayPal. Mit der Zahlung kommt ein Vertrag zustande.<\/p>\n\n\n\n<p>Der Verk\u00e4ufer beh\u00e4lt sich das Recht vor, im Falle von Lieferschwierigkeiten vom Vertrag zur\u00fcckzutreten. Gr\u00fcnde hierf\u00fcr k\u00f6nnen sein, dass keine Ware im Lager vorhanden ist, oder \u00e4hnliche Probleme aufgetreten sind. Sollte der Verk\u00e4ufer vom Vertrag zur\u00fccktreten, wird der K\u00e4ufer unverz\u00fcglich informiert und erhaltene Zahlungen auf die verwendete Zahlungsmethode zur\u00fcckerstattet.<\/p>\n\n\n\n<h2 class=\"wp-block-heading\">Erf\u00fcllung<\/h2>\n\n\n\n<p>Die Lieferung erfolgt an die vom Kunden angegebene Lieferadresse innerhalb Deutschlands. Die angegebenen Liefertermine sind Sch\u00e4tzungen und nicht verbindlich.<\/p>\n\n\n\n<h2 class=\"wp-block-heading\">Signierte B\u00fccher<\/h2>\n\n\n\n<p>Signierte B\u00fccher sind nicht vorgefertigte Waren, die nach Kundenwunsch angepasst werden.  Ein Widerrufsrecht nach \u00a7 312 g besteht nicht.<\/p>","protected":false},"excerpt":{"rendered":"<p>Allgemeine Verkaufsbedingungen Geltungsbereich Diese Bedingungen gelten f\u00fcr alle Eink\u00e4ufe beim Betreiber der Website: saga-of-a-new-world.com (Der Verk\u00e4ufer) Preise und Versandkosten Die angegebenen Preise sind Endpreise inklusive Mehrwertsteuer (falls zutreffend) und Versandkosten an eine deutsche Adresse. Es gilt der zum Zeitpunkt der verbindlichen Bestellung ausgewiesene Betrag...<\/p>","protected":false},"author":1,"featured_media":0,"parent":0,"menu_order":0,"comment_status":"closed","ping_status":"closed","template":"","meta":{"_uag_custom_page_level_css":"","footnotes":""},"class_list":["post-3713","page","type-page","status-publish","hentry"],"uagb_featured_image_src":{"full":false,"thumbnail":false,"medium":false,"medium_large":false,"large":false,"1536x1536":false,"2048x2048":false,"trp-custom-language-flag":false,"woocommerce_thumbnail":false,"woocommerce_single":false,"woocommerce_gallery_thumbnail":false,"odrin_landscape_small":false,"odrin_landscape_medium":false,"odrin_landscape_large":false,"odrin_landscape_wide":false,"odrin_square_small":false,"odrin_portrait":false,"odrin_small_soft":false,"odrin_medium":false,"odrin_medium_soft":false,"odrin_large":false,"odrin_large_soft":false,"post-thumbnail":false},"uagb_author_info":{"display_name":"Ember","author_link":"https:\/\/saga-of-a-new-world.com\/de\/author\/ember\/"},"uagb_comment_info":0,"uagb_excerpt":"General Terms and Conditions of Sale Scope These terms and conditions apply to all purchases from the operator of the site: saga-of-a-new-world.com &nbsp;(The Seller) Prices and shipping costs The awarded prices are final prices including VAT (if applicable) and shipping costs to a German address. The amount shown at the time of the binding order...","_links":{"self":[{"href":"https:\/\/saga-of-a-new-world.com\/de\/wp-json\/wp\/v2\/pages\/3713","targetHints":{"allow":["GET"]}}],"collection":[{"href":"https:\/\/saga-of-a-new-world.com\/de\/wp-json\/wp\/v2\/pages"}],"about":[{"href":"https:\/\/saga-of-a-new-world.com\/de\/wp-json\/wp\/v2\/types\/page"}],"author":[{"embeddable":true,"href":"https:\/\/saga-of-a-new-world.com\/de\/wp-json\/wp\/v2\/users\/1"}],"replies":[{"embeddable":true,"href":"https:\/\/saga-of-a-new-world.com\/de\/wp-json\/wp\/v2\/comments?post=3713"}],"version-history":[{"count":2,"href":"https:\/\/saga-of-a-new-world.com\/de\/wp-json\/wp\/v2\/pages\/3713\/revisions"}],"predecessor-version":[{"id":3843,"href":"https:\/\/saga-of-a-new-world.com\/de\/wp-json\/wp\/v2\/pages\/3713\/revisions\/3843"}],"wp:attachment":[{"href":"https:\/\/saga-of-a-new-world.com\/de\/wp-json\/wp\/v2\/media?parent=3713"}],"curies":[{"name":"wp","href":"https:\/\/api.w.org\/{rel}","templated":true}]}}