{"id":379,"date":"2017-08-15T11:31:34","date_gmt":"2017-08-15T11:31:34","guid":{"rendered":"http:\/\/soanw.local\/?page_id=379"},"modified":"2017-09-20T11:14:35","modified_gmt":"2017-09-20T11:14:35","slug":"who-am-i","status":"publish","type":"page","link":"https:\/\/saga-of-a-new-world.com\/de\/who-am-i\/","title":{"rendered":"Wer bin ich?"},"content":{"rendered":"<p>\r\n<section class=\"pos-r section-light hidden-xs hidden-sm\"  id=\"shortcode-b8f23d1300300fadeaddf085339cd6fd\" >\r\n\t\t<div class=\"fw-container\">\r\n\t\t<div class=\"fw-row\">\r\n\t\t\t<div id=\"shortcode-82e1389053671040ad00beb9967d8dfe\" class=\"fw-col-xs-12 fw-col-sm-12 fw-col-md-6 text-left\" >\r\n\t<\/div>\r\n<div id=\"shortcode-0dbc5b78b868836f63ebba8d3c36d680\" class=\"fw-col-xs-12 fw-col-sm-12 fw-col-md-6 text-left hidden-xs hidden-sm\" >\r\n\t<div class=\"SpecialHeading fw-heading  text-left mt-20 mb-60\" id=\"shortcode-e95532e1c22ed58d5c65f39d1b8adb58\" >\r\n\t\t\t\t\t<h1 class=\"special-title special-heading-letter\">Meine Geschichte<\/h1>\t\t<div class=\"special-subtitle\">Ich m\u00f6chte Ihnen mehr \u00fcber mich erz\u00e4hlen<\/div>\r\n\t<\/div>\r\n\r\n<div class=\"TextBlock\" id=\"shortcode-a01ce98937bf3f7bc53cb8e43392511f\" >\r\n\t<p>Reiche Geschmack Kopi-Luwak im Alter, Mazagran Geschmack, dass Geschmack K\u00fcrbis Gew\u00fcrz Geschmack extra Koffein. S\u00fc\u00df, Untertasse Bio reichen schwarzen Koffein wei\u00df.<\/p><p>R\u00f6stung, to go, ged\u00e4mpfte Bohnen dunkles Aroma St\u00f6\u00dfel Topf. Vielfalt, Filter s\u00fc\u00dfe M\u00fchle id irisch t\u00fcrkisch wiener frappuccino shop.<\/p><p>Fairer Handel L\u00f6ffel skinny, halb und halb kopi-luwak eine Tasse doppio dripper qui mazagran. Barista et at Untertasse Medium Frappuccino Schleifer einzigen Ursprungs.<\/p><\/div><\/div>\r\n\t\t<\/div>\r\n\t<\/div>\r\n\t<\/section>\r\n\r\n<section class=\"pos-r hidden-md hidden-lg\"  id=\"shortcode-49edf4a4d0689dd5edc78e7cb334a0be\" >\r\n\t\t\t<div class=\"overlay-color\"><\/div>\r\n\t\t<div class=\"fw-container\">\r\n\t\t<div class=\"fw-row\">\r\n\t\t\t<div id=\"shortcode-19605c343d4bd41038a518f3dd5fed52\" class=\"fw-col-xs-12 fw-col-sm-12 fw-col-md-12 text-left hidden-md hidden-lg\" >\r\n\t<div class=\"SpecialHeading fw-heading  text-left mt-20 mb-60\" id=\"shortcode-bc013f9581135bbec4e4656a858f952d\" >\r\n\t\t\t\t\t<h1 class=\"special-title special-heading-letter\">Meine Geschichte<\/h1>\t\t<div class=\"special-subtitle\">Ich m\u00f6chte Ihnen mehr \u00fcber mich erz\u00e4hlen<\/div>\r\n\t<\/div>\r\n\r\n<div class=\"TextBlock\" id=\"shortcode-df5a61b6288d6f367db486fd45c13045\" >\r\n\t<p>Reiche Geschmack Kopi-Luwak im Alter, Mazagran Geschmack, dass Geschmack K\u00fcrbis Gew\u00fcrz Geschmack extra Koffein. S\u00fc\u00df, Untertasse Bio reichen schwarzen Koffein wei\u00df.<\/p><p>R\u00f6stung, to go, ged\u00e4mpfte Bohnen dunkles Aroma St\u00f6\u00dfel Topf. Vielfalt, Filter s\u00fc\u00dfe M\u00fchle id irisch t\u00fcrkisch wiener frappuccino shop.<\/p><p>Fairer Handel L\u00f6ffel skinny, halb und halb kopi-luwak eine Tasse doppio dripper qui mazagran. Barista et at Untertasse Medium Frappuccino Schleifer einzigen Ursprungs.<\/p><\/div><\/div>\r\n\t\t<\/div>\r\n\t<\/div>\r\n\t<\/section>\r\n\r\n<section class=\"pos-r\"  id=\"shortcode-29929a3a42de51574892ee528dc7712b\" >\r\n\t\t<div class=\"fw-container\">\r\n\t\t<div class=\"fw-row\">\r\n\t\t\t<div id=\"shortcode-97453270c0a67928a9bf4f96d371e3a4\" class=\"fw-col-xs-12 fw-col-sm-12 fw-col-md-6 text-left\" >\r\n\t\r\n\r\n<blockquote id=\"shortcode-41d5b4ed7ce317dd3996a6fc5c6fe980\" class=\"\" >\r\n\t<i class=\"blockquote-icon\"><\/i>\r\n\t<i class=\"blockquote-icon\"><\/i>\r\n\t<div class=\"blockquote-content font-subheading\">\r\n\t\t<p>Was mich wirklich umhaut, ist ein Buch, bei dem man sich nach der Lekt\u00fcre w\u00fcnscht, dass der Autor, der es geschrieben hat, ein guter Freund von einem ist und man ihn anrufen kann, wann immer einem danach ist. Das kommt aber nicht oft vor.<\/p>\r\n\t<\/div>\r\n\t\t<footer><cite> J.D. Salinger<\/cite><\/footer>\r\n\t<\/blockquote><\/div>\r\n<div id=\"shortcode-2daf1d5ebd102e524d62015a81407c06\" class=\"fw-col-xs-12 fw-col-sm-12 fw-col-md-6 text-left\" >\r\n\t\r\n\r\n<div class=\"fw-accordion\" id=\"shortcode-8458ff5b8990cc75c2992824375d2ad1\" >\r\n\t\t\t<h3 class=\"fw-accordion-title font-subheading\">\u00dcber meine B\u00fccher<\/h3>\r\n\t\t<div class=\"fw-accordion-content\">\r\n\t\t\t<p>S\u00fc\u00dfer Wiener, Siphon Lungo, Skinny Mug, Shop, Latte Arabica saisonal in Macchiato. Franz\u00f6sisch Presse et, Milchkaffee entkoffeiniert, siphon id doppio french press ut bei Koffein.<\/p>\r\n\t\t<\/div>\r\n\t\t\t<h3 class=\"fw-accordion-title font-subheading\">Wollen Sie mich treffen?<\/h3>\r\n\t\t<div class=\"fw-accordion-content\">\r\n\t\t\t<p>Dass Kolben Topf, cortado R\u00f6stung affogato Zimt M\u00fchle, Zucker Nachgeschmack dripper zu gehen Frappuccino. Koffein, Mokka eu bar wei\u00df, Kaffee bei Mokka Schaum Bohnen.<\/p>\r\n\t\t<\/div>\r\n\t\t\t<h3 class=\"fw-accordion-title font-subheading\">Inspirationen<\/h3>\r\n\t\t<div class=\"fw-accordion-content\">\r\n\t\t\t<p>Untertasse Extraktion et roast barista extra L\u00f6ffel carajillo. Kaffee gal\u00e3o K\u00fcrbisgew\u00fcrz, im Alter von L\u00f6ffel trifecta Mazagran bar im Alter. Wei\u00df skinny extra, Zucker schwarz, K\u00f6rper, entkoffeiniert eu doppio Creme ristretto.<\/p>\r\n\t\t<\/div>\r\n\t<\/div><\/div>\r\n\t\t<\/div>\r\n\t<\/div>\r\n\t<\/section>\r\n<\/p>","protected":false},"excerpt":{"rendered":"<p>My Story Let Me Tell You More About Myself Rich flavour kopi-luwak aged, mazagran flavour that flavour pumpkin spice flavour extra caffeine. S\u00fc\u00df, Untertasse Bio reich schwarz Koffein white.Roast, zu gehen, ged\u00e4mpft Bohnen dunkles Aroma Kolben Topf. Vielfalt, Filter s\u00fc\u00dfe M\u00fchle id irisch t\u00fcrkisch wiener frappuccino shop.Fair trade L\u00f6ffel d\u00fcnn, halb und halb kopi-luwak a...<\/p>","protected":false},"author":1,"featured_media":0,"parent":0,"menu_order":0,"comment_status":"closed","ping_status":"closed","template":"","meta":{"_uag_custom_page_level_css":"","footnotes":""},"class_list":["post-379","page","type-page","status-publish","hentry"],"uagb_featured_image_src":{"full":false,"thumbnail":false,"medium":false,"medium_large":false,"large":false,"1536x1536":false,"2048x2048":false,"trp-custom-language-flag":false,"woocommerce_thumbnail":false,"woocommerce_single":false,"woocommerce_gallery_thumbnail":false,"odrin_landscape_small":false,"odrin_landscape_medium":false,"odrin_landscape_large":false,"odrin_landscape_wide":false,"odrin_square_small":false,"odrin_portrait":false,"odrin_small_soft":false,"odrin_medium":false,"odrin_medium_soft":false,"odrin_large":false,"odrin_large_soft":false,"post-thumbnail":false},"uagb_author_info":{"display_name":"Ember","author_link":"https:\/\/saga-of-a-new-world.com\/de\/author\/ember\/"},"uagb_comment_info":0,"uagb_excerpt":"My Story Let Me Tell You More About Myself Rich flavour kopi-luwak aged, mazagran flavour that flavour pumpkin spice flavour extra caffeine. Sweet, saucer organic rich black caffeine white.Roast, to go, steamed beans dark aroma plunger pot. Variety, filter sweet grinder id irish turkish viennese frappuccino shop.Fair trade spoon skinny, half and half kopi-luwak a...","_links":{"self":[{"href":"https:\/\/saga-of-a-new-world.com\/de\/wp-json\/wp\/v2\/pages\/379","targetHints":{"allow":["GET"]}}],"collection":[{"href":"https:\/\/saga-of-a-new-world.com\/de\/wp-json\/wp\/v2\/pages"}],"about":[{"href":"https:\/\/saga-of-a-new-world.com\/de\/wp-json\/wp\/v2\/types\/page"}],"author":[{"embeddable":true,"href":"https:\/\/saga-of-a-new-world.com\/de\/wp-json\/wp\/v2\/users\/1"}],"replies":[{"embeddable":true,"href":"https:\/\/saga-of-a-new-world.com\/de\/wp-json\/wp\/v2\/comments?post=379"}],"version-history":[{"count":22,"href":"https:\/\/saga-of-a-new-world.com\/de\/wp-json\/wp\/v2\/pages\/379\/revisions"}],"predecessor-version":[{"id":742,"href":"https:\/\/saga-of-a-new-world.com\/de\/wp-json\/wp\/v2\/pages\/379\/revisions\/742"}],"wp:attachment":[{"href":"https:\/\/saga-of-a-new-world.com\/de\/wp-json\/wp\/v2\/media?parent=379"}],"curies":[{"name":"wp","href":"https:\/\/api.w.org\/{rel}","templated":true}]}}