{"id":3898,"date":"2023-06-27T16:42:09","date_gmt":"2023-06-27T16:42:09","guid":{"rendered":"https:\/\/saga-of-a-new-world.com\/?page_id=3898"},"modified":"2023-06-29T06:27:01","modified_gmt":"2023-06-29T06:27:01","slug":"shop","status":"publish","type":"page","link":"https:\/\/saga-of-a-new-world.com\/de\/shop\/","title":{"rendered":"Shop"},"content":{"rendered":"<p>\r\n<section class=\"pos-r section-light is-parallax\"  id=\"shortcode-e06b035d6f8b53e4bcb9f5eab94b9e41\" >\r\n\t\t\t<div class=\"overlay-color\"><\/div>\r\n\t\t<div class=\"fw-container\">\r\n\t\t<div class=\"fw-row\">\r\n\t\t\t<div id=\"shortcode-2177197dc6cb093407d6bca3eb6bb55c\" class=\"fw-col-xs-12 fw-col-sm-12 fw-col-md-8 text-left\" >\r\n\t<div class=\"SpecialHeading fw-heading  text-left mt-20 mb-60\" id=\"shortcode-8c0fdad355219b954d9c85cf8172f786\" >\r\n\t\t\t\t\t<h1 class=\"special-title special-heading-letter\">Markt<\/h1>\t\t<div class=\"special-subtitle\">Folgt Astrid in die neue Welt.<\/div>\r\n\t<\/div>\r\n\r\n\t\t\t<a href=\"https:\/\/saga-of-a-new-world.com\/de\/product\/soanw-1-de\/\" class=\"shortcode-button btn btn-color\" id=\"shortcode-31e32445cbe2a0ed49cf372591e0c6a4\" >\r\n\t\t\t<span>Signiertes Exemplar<\/span>\r\n\t\t<\/a>\r\n\t\t\r\n\r\n\r\n\t\t<a href=\"https:\/\/amzn.to\/3wVhB15\" target=\"_blank\" class=\"shortcode-button btn btn-normal\" id=\"shortcode-6406ab680d4a6e62692c5f7789c4db30\" >\r\n\t\t<span>Amazon (Deutsch)<\/span>\r\n\t<\/a>\r\n\r\n\r\n\r\n\t\t<a href=\"https:\/\/amzn.to\/3kGBkNf\" target=\"_blank\" class=\"shortcode-button btn btn-normal\" id=\"shortcode-ed788c654043dd50de5b27b1d9814d09\" >\r\n\t\t<span>Amazon (Englisch)<\/span>\r\n\t<\/a>\r\n\r\n\r\n\r\n\t\t<a href=\"\/de\/product\/saga-of-a-new-world-free-e-book\/\" target=\"_self\" class=\"shortcode-button btn btn-normal\" id=\"shortcode-7275df9ebcc172a3c0ba8c51c4ad7339\" >\r\n\t\t<span>Kostenloses Ebook (Englisch)<\/span>\r\n\t<\/a>\r\n\r\n\r\n\r\n<div class=\"spacer hidden-md hidden-lg\" id=\"shortcode-d8d46af821fb0f0d43d2533cb639a28f\"><\/div><\/div>\r\n<div id=\"shortcode-5187ea40fad1e83fda5a3030c1f36b6a\" class=\"fw-col-xs-12 fw-col-sm-12 fw-col-md-4 text-right\" >\r\n\t\r\n<div class=\"BookImage hidden-xs hidden-sm\" id=\"shortcode-320d33c14735eac0b8d2f304da097c07\"  >\r\n\t\t\t<div class=\"book-image-wrapper SingleProductImage\">\r\n\t\t\t<div class=\"PageFlipBook\">\r\n\t\t\t\t\t\t\t\t\t\t\t\t\t\t\t\t\t\t<a href=\"#\" class=\"has-edge has-edge-thick is-page-flip\" data-post-id=\"156\">\r\n\t\t\t\t\t\t\t\t\t\t\t\t<div class=\"page-flip-book-ribbon\"><span>Blick ins Buch<\/span><\/div>\r\n\t\t\t\t\t\t<img decoding=\"async\" src=\"https:\/\/saga-of-a-new-world.com\/wp-content\/uploads\/2017\/08\/Book-Image-SoaNW-1-Signed-460x700.jpg\" class=\"wp-post-image\">\r\n\t\t\t\t\t<\/a>\r\n\t\t\t\t\t\t\t\t\t\t\t<\/div>\r\n\t\t<\/div>\r\n\t<\/div><!-- end BookImage -->\r\n<\/div>\r\n<div id=\"shortcode-78476bfc20287adc1ddb8f592cc7fbd8\" class=\"fw-col-xs-12 fw-col-sm-12 fw-col-md-4 text-left hidden-xs hidden-sm\" >\r\n\t\r\n\r\n<div class=\"SpecialTextBlock pos-r hidden-md hidden-lg hidden-xs hidden-sm\" id=\"shortcode-036cd54c6f7a67f7bb251aecafd3ef70\" >\r\n\t\r\n\t\t\t\t\t\t\t<div class=\"special-text-block-content font-subheading\">\r\n\t\t\t\t<p>Folgen Sie Astrid auf ihrem J<\/p>\t<\/div>\r\n\t\t\r\n<\/div> <!-- end SpecialTextBlock -->\r\n\r\n<blockquote id=\"shortcode-e9552c5808e9f961c4f568db71ebc385\" class=\"hidden-md hidden-lg hidden-xs hidden-sm\" >\r\n\t<i class=\"blockquote-icon\"><\/i>\r\n\t<i class=\"blockquote-icon\"><\/i>\r\n\t<div class=\"blockquote-content font-subheading\">\r\n\t\t<p>Eine neue Welt bricht an<\/p>\r\n\t<\/div>\r\n\t<\/blockquote><\/div>\r\n<div id=\"shortcode-b770f851ec62a0e45505715c3c803856\" class=\"fw-col-xs-12 fw-col-sm-12 fw-col-md-4 text-left\" >\r\n\t<\/div>\r\n\t\t<\/div>\r\n\t<\/div>\r\n\t<\/section>\r\n\r\n<section class=\"pos-r\"  id=\"shortcode-e0b80afa024c16540c34cc4b78b4623d\" >\r\n\t\t<div class=\"fw-container\">\r\n\t\t<div class=\"fw-row\">\r\n\t\t\t\r\n\r\n<div class=\"BooksPanel\" id=\"shortcode-5e9a2fc23823e605c330fad998897805\" >\r\n\t\r\n\t<div class=\"books-panel-container mt-40 row\">\r\n\r\n\t\r\n\t<div class=\"books-panel-item col-sm-4 col-xs-6\">\r\n\t\t<a href=\"https:\/\/saga-of-a-new-world.com\/de\/product\/soanw-1-de\/\" class=\"books-panel-item-wrap is-book-panel-trigger\" data-panel-show=\"156\">\r\n\t\t\t\t\t\t\t\t\t<div class=\"book-thumb-img-wrap has-edge has-edge-thick\">\r\n\t\t\t\t<img loading=\"lazy\" decoding=\"async\" width=\"263\" height=\"400\" src=\"https:\/\/saga-of-a-new-world.com\/wp-content\/uploads\/2017\/08\/Book-Image-SoaNW-1-Signed-263x400.jpg\" class=\"attachment-odrin_small_soft size-odrin_small_soft wp-post-image\" alt=\"\" srcset=\"https:\/\/saga-of-a-new-world.com\/wp-content\/uploads\/2017\/08\/Book-Image-SoaNW-1-Signed-263x400.jpg 263w, https:\/\/saga-of-a-new-world.com\/wp-content\/uploads\/2017\/08\/Book-Image-SoaNW-1-Signed-197x300.jpg 197w, https:\/\/saga-of-a-new-world.com\/wp-content\/uploads\/2017\/08\/Book-Image-SoaNW-1-Signed-673x1024.jpg 673w, https:\/\/saga-of-a-new-world.com\/wp-content\/uploads\/2017\/08\/Book-Image-SoaNW-1-Signed-768x1168.jpg 768w, https:\/\/saga-of-a-new-world.com\/wp-content\/uploads\/2017\/08\/Book-Image-SoaNW-1-Signed-1010x1536.jpg 1010w, https:\/\/saga-of-a-new-world.com\/wp-content\/uploads\/2017\/08\/Book-Image-SoaNW-1-Signed-1347x2048.jpg 1347w, https:\/\/saga-of-a-new-world.com\/wp-content\/uploads\/2017\/08\/Book-Image-SoaNW-1-Signed-8x12.jpg 8w, https:\/\/saga-of-a-new-world.com\/wp-content\/uploads\/2017\/08\/Book-Image-SoaNW-1-Signed-700x1064.jpg 700w, https:\/\/saga-of-a-new-world.com\/wp-content\/uploads\/2017\/08\/Book-Image-SoaNW-1-Signed-460x700.jpg 460w, https:\/\/saga-of-a-new-world.com\/wp-content\/uploads\/2017\/08\/Book-Image-SoaNW-1-Signed-855x1300.jpg 855w, https:\/\/saga-of-a-new-world.com\/wp-content\/uploads\/2017\/08\/Book-Image-SoaNW-1-Signed.jpg 1443w\" sizes=\"auto, (max-width: 263px) 100vw, 263px\" \/>\t\t\t<\/div>\r\n\t\t\t\t\t\t<h2 class=\"book-thumb-title\">Sage einer Neuen Welt<\/h2>\r\n\t\t<\/a>\r\n\t<\/div><!-- end books-panel-item -->\r\n\r\n\t\r\n\t<div class=\"books-panel-item col-sm-4 col-xs-6\">\r\n\t\t<a href=\"https:\/\/saga-of-a-new-world.com\/de\/product\/sage-einer-neuen-welt-amazon-de\/\" class=\"books-panel-item-wrap is-book-panel-trigger\" data-panel-show=\"3689\">\r\n\t\t\t\t\t\t\t\t\t<div class=\"book-thumb-img-wrap has-edge has-edge-thick\">\r\n\t\t\t\t<img loading=\"lazy\" decoding=\"async\" width=\"263\" height=\"400\" src=\"https:\/\/saga-of-a-new-world.com\/wp-content\/uploads\/2021\/11\/Book-Image-SoaNW-1-Amazon-DE-263x400.jpg\" class=\"attachment-odrin_small_soft size-odrin_small_soft wp-post-image\" alt=\"\" srcset=\"https:\/\/saga-of-a-new-world.com\/wp-content\/uploads\/2021\/11\/Book-Image-SoaNW-1-Amazon-DE-263x400.jpg 263w, https:\/\/saga-of-a-new-world.com\/wp-content\/uploads\/2021\/11\/Book-Image-SoaNW-1-Amazon-DE-197x300.jpg 197w, https:\/\/saga-of-a-new-world.com\/wp-content\/uploads\/2021\/11\/Book-Image-SoaNW-1-Amazon-DE-673x1024.jpg 673w, https:\/\/saga-of-a-new-world.com\/wp-content\/uploads\/2021\/11\/Book-Image-SoaNW-1-Amazon-DE-768x1168.jpg 768w, https:\/\/saga-of-a-new-world.com\/wp-content\/uploads\/2021\/11\/Book-Image-SoaNW-1-Amazon-DE-1010x1536.jpg 1010w, https:\/\/saga-of-a-new-world.com\/wp-content\/uploads\/2021\/11\/Book-Image-SoaNW-1-Amazon-DE-1347x2048.jpg 1347w, https:\/\/saga-of-a-new-world.com\/wp-content\/uploads\/2021\/11\/Book-Image-SoaNW-1-Amazon-DE-8x12.jpg 8w, https:\/\/saga-of-a-new-world.com\/wp-content\/uploads\/2021\/11\/Book-Image-SoaNW-1-Amazon-DE-700x1064.jpg 700w, https:\/\/saga-of-a-new-world.com\/wp-content\/uploads\/2021\/11\/Book-Image-SoaNW-1-Amazon-DE-460x700.jpg 460w, https:\/\/saga-of-a-new-world.com\/wp-content\/uploads\/2021\/11\/Book-Image-SoaNW-1-Amazon-DE-855x1300.jpg 855w, https:\/\/saga-of-a-new-world.com\/wp-content\/uploads\/2021\/11\/Book-Image-SoaNW-1-Amazon-DE.jpg 1443w\" sizes=\"auto, (max-width: 263px) 100vw, 263px\" \/>\t\t\t<\/div>\r\n\t\t\t\t\t\t<h2 class=\"book-thumb-title\">Sage einer Neuen Welt (Amazon DE)<\/h2>\r\n\t\t<\/a>\r\n\t<\/div><!-- end books-panel-item -->\r\n\r\n\t\r\n\t<div class=\"books-panel-item col-sm-4 col-xs-6\">\r\n\t\t<a href=\"https:\/\/saga-of-a-new-world.com\/de\/product\/sage-einer-neuen-welt-amazon-us\/\" class=\"books-panel-item-wrap is-book-panel-trigger\" data-panel-show=\"3683\">\r\n\t\t\t\t\t\t\t\t\t<div class=\"book-thumb-img-wrap has-edge has-edge-thick\">\r\n\t\t\t\t<img loading=\"lazy\" decoding=\"async\" width=\"263\" height=\"400\" src=\"https:\/\/saga-of-a-new-world.com\/wp-content\/uploads\/2021\/11\/Book-Image-SoaNW-1-Amazon-US-263x400.jpg\" class=\"attachment-odrin_small_soft size-odrin_small_soft wp-post-image\" alt=\"\" srcset=\"https:\/\/saga-of-a-new-world.com\/wp-content\/uploads\/2021\/11\/Book-Image-SoaNW-1-Amazon-US-263x400.jpg 263w, https:\/\/saga-of-a-new-world.com\/wp-content\/uploads\/2021\/11\/Book-Image-SoaNW-1-Amazon-US-197x300.jpg 197w, https:\/\/saga-of-a-new-world.com\/wp-content\/uploads\/2021\/11\/Book-Image-SoaNW-1-Amazon-US-673x1024.jpg 673w, https:\/\/saga-of-a-new-world.com\/wp-content\/uploads\/2021\/11\/Book-Image-SoaNW-1-Amazon-US-768x1168.jpg 768w, https:\/\/saga-of-a-new-world.com\/wp-content\/uploads\/2021\/11\/Book-Image-SoaNW-1-Amazon-US-1010x1536.jpg 1010w, https:\/\/saga-of-a-new-world.com\/wp-content\/uploads\/2021\/11\/Book-Image-SoaNW-1-Amazon-US-1347x2048.jpg 1347w, https:\/\/saga-of-a-new-world.com\/wp-content\/uploads\/2021\/11\/Book-Image-SoaNW-1-Amazon-US-8x12.jpg 8w, https:\/\/saga-of-a-new-world.com\/wp-content\/uploads\/2021\/11\/Book-Image-SoaNW-1-Amazon-US-700x1064.jpg 700w, https:\/\/saga-of-a-new-world.com\/wp-content\/uploads\/2021\/11\/Book-Image-SoaNW-1-Amazon-US-460x700.jpg 460w, https:\/\/saga-of-a-new-world.com\/wp-content\/uploads\/2021\/11\/Book-Image-SoaNW-1-Amazon-US-855x1300.jpg 855w, https:\/\/saga-of-a-new-world.com\/wp-content\/uploads\/2021\/11\/Book-Image-SoaNW-1-Amazon-US.jpg 1443w\" sizes=\"auto, (max-width: 263px) 100vw, 263px\" \/>\t\t\t<\/div>\r\n\t\t\t\t\t\t<h2 class=\"book-thumb-title\">Saga einer neuen Welt (Amazon EN)<\/h2>\r\n\t\t<\/a>\r\n\t<\/div><!-- end books-panel-item -->\r\n\r\n\t\r\n\t<div class=\"books-panel-item col-sm-4 col-xs-6\">\r\n\t\t<a href=\"https:\/\/saga-of-a-new-world.com\/de\/product\/saga-of-a-new-world-audiobook\/\" class=\"books-panel-item-wrap is-book-panel-trigger\" data-panel-show=\"3695\">\r\n\t\t\t\t\t\t\t\t\t<div class=\"book-thumb-img-wrap has-edge has-edge-thick\">\r\n\t\t\t\t<img loading=\"lazy\" decoding=\"async\" width=\"263\" height=\"400\" src=\"https:\/\/saga-of-a-new-world.com\/wp-content\/uploads\/2021\/11\/Book-Image-SoaNW-1-Audio-US-263x400.jpg\" class=\"attachment-odrin_small_soft size-odrin_small_soft wp-post-image\" alt=\"\" srcset=\"https:\/\/saga-of-a-new-world.com\/wp-content\/uploads\/2021\/11\/Book-Image-SoaNW-1-Audio-US-263x400.jpg 263w, https:\/\/saga-of-a-new-world.com\/wp-content\/uploads\/2021\/11\/Book-Image-SoaNW-1-Audio-US-197x300.jpg 197w, https:\/\/saga-of-a-new-world.com\/wp-content\/uploads\/2021\/11\/Book-Image-SoaNW-1-Audio-US-673x1024.jpg 673w, https:\/\/saga-of-a-new-world.com\/wp-content\/uploads\/2021\/11\/Book-Image-SoaNW-1-Audio-US-768x1168.jpg 768w, https:\/\/saga-of-a-new-world.com\/wp-content\/uploads\/2021\/11\/Book-Image-SoaNW-1-Audio-US-1010x1536.jpg 1010w, https:\/\/saga-of-a-new-world.com\/wp-content\/uploads\/2021\/11\/Book-Image-SoaNW-1-Audio-US-1347x2048.jpg 1347w, https:\/\/saga-of-a-new-world.com\/wp-content\/uploads\/2021\/11\/Book-Image-SoaNW-1-Audio-US-8x12.jpg 8w, https:\/\/saga-of-a-new-world.com\/wp-content\/uploads\/2021\/11\/Book-Image-SoaNW-1-Audio-US-700x1064.jpg 700w, https:\/\/saga-of-a-new-world.com\/wp-content\/uploads\/2021\/11\/Book-Image-SoaNW-1-Audio-US-460x700.jpg 460w, https:\/\/saga-of-a-new-world.com\/wp-content\/uploads\/2021\/11\/Book-Image-SoaNW-1-Audio-US-855x1300.jpg 855w, https:\/\/saga-of-a-new-world.com\/wp-content\/uploads\/2021\/11\/Book-Image-SoaNW-1-Audio-US.jpg 1443w\" sizes=\"auto, (max-width: 263px) 100vw, 263px\" \/>\t\t\t<\/div>\r\n\t\t\t\t\t\t<h2 class=\"book-thumb-title\">Saga einer neuen Welt (Audiobook DE)<\/h2>\r\n\t\t<\/a>\r\n\t<\/div><!-- end books-panel-item -->\r\n\r\n\t\r\n\t<div class=\"books-panel-item col-sm-4 col-xs-6\">\r\n\t\t<a href=\"https:\/\/saga-of-a-new-world.com\/de\/product\/saga-of-a-new-world-wattpad\/\" class=\"books-panel-item-wrap is-book-panel-trigger\" data-panel-show=\"3697\">\r\n\t\t\t\t\t\t\t\t\t<div class=\"book-thumb-img-wrap has-edge has-edge-thick\">\r\n\t\t\t\t<img loading=\"lazy\" decoding=\"async\" width=\"263\" height=\"400\" src=\"https:\/\/saga-of-a-new-world.com\/wp-content\/uploads\/2021\/11\/Book-Image-SoaNW-1-Wattpad-both-263x400.jpg\" class=\"attachment-odrin_small_soft size-odrin_small_soft wp-post-image\" alt=\"\" srcset=\"https:\/\/saga-of-a-new-world.com\/wp-content\/uploads\/2021\/11\/Book-Image-SoaNW-1-Wattpad-both-263x400.jpg 263w, https:\/\/saga-of-a-new-world.com\/wp-content\/uploads\/2021\/11\/Book-Image-SoaNW-1-Wattpad-both-197x300.jpg 197w, https:\/\/saga-of-a-new-world.com\/wp-content\/uploads\/2021\/11\/Book-Image-SoaNW-1-Wattpad-both-673x1024.jpg 673w, https:\/\/saga-of-a-new-world.com\/wp-content\/uploads\/2021\/11\/Book-Image-SoaNW-1-Wattpad-both-768x1168.jpg 768w, https:\/\/saga-of-a-new-world.com\/wp-content\/uploads\/2021\/11\/Book-Image-SoaNW-1-Wattpad-both-1010x1536.jpg 1010w, https:\/\/saga-of-a-new-world.com\/wp-content\/uploads\/2021\/11\/Book-Image-SoaNW-1-Wattpad-both-1347x2048.jpg 1347w, https:\/\/saga-of-a-new-world.com\/wp-content\/uploads\/2021\/11\/Book-Image-SoaNW-1-Wattpad-both-8x12.jpg 8w, https:\/\/saga-of-a-new-world.com\/wp-content\/uploads\/2021\/11\/Book-Image-SoaNW-1-Wattpad-both-700x1064.jpg 700w, https:\/\/saga-of-a-new-world.com\/wp-content\/uploads\/2021\/11\/Book-Image-SoaNW-1-Wattpad-both-460x700.jpg 460w, https:\/\/saga-of-a-new-world.com\/wp-content\/uploads\/2021\/11\/Book-Image-SoaNW-1-Wattpad-both-855x1300.jpg 855w, https:\/\/saga-of-a-new-world.com\/wp-content\/uploads\/2021\/11\/Book-Image-SoaNW-1-Wattpad-both.jpg 1443w\" sizes=\"auto, (max-width: 263px) 100vw, 263px\" \/>\t\t\t<\/div>\r\n\t\t\t\t\t\t<h2 class=\"book-thumb-title\">Saga einer neuen Welt (Wattpad)<\/h2>\r\n\t\t<\/a>\r\n\t<\/div><!-- end books-panel-item -->\r\n\r\n\t\t\t\r\n\t<\/div><!-- end books-panel-container -->\r\n\r\n\r\n\t<div class=\"books-panel-info is-sticky-kit\">\r\n\r\n\t\t\r\n\t\t\r\n\t\t\r\n\t\t<div class=\"books-panel-info-inner mt-80\" data-panel-id=\"156\">\r\n\t\t\t\t\t\t<a href=\"https:\/\/saga-of-a-new-world.com\/de\/product\/soanw-1-de\/\"><h2 class=\"book-panel-info-title\">Sage einer Neuen Welt<\/h2><\/a>\r\n\t\t\t<div class=\"book-panel-info-categories dash-left dash-dark\"><a href=\"https:\/\/saga-of-a-new-world.com\/de\/product-category\/sage-einer-neuen-welt\/\" rel=\"tag\">Sage einer Neuen Welt<\/a><\/div>\t\t\t<div class=\"book-panel-info-description\">\r\n\t\t\t\r\n\t\t\t\t<h3>Jetzt ein signiertes Exemplar kaufen und mich unterst\u00fctzen.<\/h3>\n\t\t\t\t\r\n\t\t\t\t\t\t\t\t\t<div class=\"book-panel-price mt-40 mb-40\">\r\n\t\t\t\t\t\t<span class=\"price-text font-heading\">Empfohlener Preis: \t\t\t<span class=\"woocommerce-Price-amount amount font-heading\">\r\n\t\t\t\t<span class=\"woocommerce-Price-amount amount\"><span class=\"woocommerce-Price-currencySymbol\">\u20ac<\/span>9.99<\/span>\t\t\t<\/span>\r\n\t\t\t<\/span>\r\n\t\t\t\t\t<\/div>\r\n\t\t\t\t\t\t\t\t\t\t\t\t<a href=\"https:\/\/saga-of-a-new-world.com\/de\/product\/soanw-1-de\/\" class=\"special-link\">Blick ins Buch<\/a>\r\n\t\t\t\t\t\t\t<\/div>\r\n\t\t<\/div><!-- end books-panel-info-inner -->\r\n\r\n\t\r\n\t\t\r\n\t\t\r\n\t\t<div class=\"books-panel-info-inner mt-80\" data-panel-id=\"3689\">\r\n\t\t\t\t\t\t<a href=\"https:\/\/saga-of-a-new-world.com\/de\/product\/sage-einer-neuen-welt-amazon-de\/\"><h2 class=\"book-panel-info-title\">Sage einer Neuen Welt (Amazon DE)<\/h2><\/a>\r\n\t\t\t<div class=\"book-panel-info-categories dash-left dash-dark\"><a href=\"https:\/\/saga-of-a-new-world.com\/de\/product-category\/sage-einer-neuen-welt\/\" rel=\"tag\">Sage einer Neuen Welt<\/a><\/div>\t\t\t<div class=\"book-panel-info-description\">\r\n\t\t\t\r\n\t\t\t\t<h3>Kaufen Sie das deutsche Taschenbuch oder ebook auf Amazon.<\/h3>\n\t\t\t\t\r\n\t\t\t\t\t\t\t\t\t\t\t\t<a href=\"https:\/\/saga-of-a-new-world.com\/de\/product\/sage-einer-neuen-welt-amazon-de\/\" class=\"special-link\">Blick ins Buch<\/a>\r\n\t\t\t\t\t\t\t<\/div>\r\n\t\t<\/div><!-- end books-panel-info-inner -->\r\n\r\n\t\r\n\t\t\r\n\t\t\r\n\t\t<div class=\"books-panel-info-inner mt-80\" data-panel-id=\"3683\">\r\n\t\t\t\t\t\t<a href=\"https:\/\/saga-of-a-new-world.com\/de\/product\/sage-einer-neuen-welt-amazon-us\/\"><h2 class=\"book-panel-info-title\">Saga einer neuen Welt (Amazon EN)<\/h2><\/a>\r\n\t\t\t<div class=\"book-panel-info-categories dash-left dash-dark\"><a href=\"https:\/\/saga-of-a-new-world.com\/de\/product-category\/sage-einer-neuen-welt\/\" rel=\"tag\">Sage einer Neuen Welt<\/a><\/div>\t\t\t<div class=\"book-panel-info-description\">\r\n\t\t\t\r\n\t\t\t\t<h3>Lassen Sie sich von amazon das englische Original des Buches liefern.<\/h3>\n\t\t\t\t\r\n\t\t\t\t\t\t\t\t\t\t\t\t<a href=\"https:\/\/saga-of-a-new-world.com\/de\/product\/sage-einer-neuen-welt-amazon-us\/\" class=\"special-link\">Blick ins Buch<\/a>\r\n\t\t\t\t\t\t\t<\/div>\r\n\t\t<\/div><!-- end books-panel-info-inner -->\r\n\r\n\t\r\n\t\t\r\n\t\t\r\n\t\t<div class=\"books-panel-info-inner mt-80\" data-panel-id=\"3695\">\r\n\t\t\t\t\t\t<a href=\"https:\/\/saga-of-a-new-world.com\/de\/product\/saga-of-a-new-world-audiobook\/\"><h2 class=\"book-panel-info-title\">Saga einer neuen Welt (Audiobook DE)<\/h2><\/a>\r\n\t\t\t<div class=\"book-panel-info-categories dash-left dash-dark\"><a href=\"https:\/\/saga-of-a-new-world.com\/de\/product-category\/sage-einer-neuen-welt\/\" rel=\"tag\">Sage einer Neuen Welt<\/a><\/div>\t\t\t<div class=\"book-panel-info-description\">\r\n\t\t\t\r\n\t\t\t\t<p>H\u00f6ren Sie sich das H\u00f6rbuch an <a href=\"https:\/\/www.youtube.com\/playlist?list=PLW2F662LP09Xf4rv-Kdm84DHsXJIwmg6N\">YouTube<\/a>, <a href=\"https:\/\/open.spotify.com\/album\/2Y3zzLqOgTfXCUy3ef2IZQ?si=j_bw6fpmTNq_kthSlHHpsw&amp;dl_branch=1\">Spotify<\/a>oder kaufen Sie es bei Audiobooks.com<\/p>\n\t\t\t\t\r\n\t\t\t\t\t\t\t\t\t\t\t\t<a href=\"https:\/\/saga-of-a-new-world.com\/de\/product\/saga-of-a-new-world-audiobook\/\" class=\"special-link\">Blick ins Buch<\/a>\r\n\t\t\t\t\t\t\t<\/div>\r\n\t\t<\/div><!-- end books-panel-info-inner -->\r\n\r\n\t\r\n\t\t\r\n\t\t\r\n\t\t<div class=\"books-panel-info-inner mt-80\" data-panel-id=\"3697\">\r\n\t\t\t\t\t\t<a href=\"https:\/\/saga-of-a-new-world.com\/de\/product\/saga-of-a-new-world-wattpad\/\"><h2 class=\"book-panel-info-title\">Saga einer neuen Welt (Wattpad)<\/h2><\/a>\r\n\t\t\t<div class=\"book-panel-info-categories dash-left dash-dark\"><a href=\"https:\/\/saga-of-a-new-world.com\/de\/product-category\/sage-einer-neuen-welt\/\" rel=\"tag\">Sage einer Neuen Welt<\/a><\/div>\t\t\t<div class=\"book-panel-info-description\">\r\n\t\t\t\r\n\t\t\t\t<h3>Lesen Sie das Buch auf Wattpad in einer Sprache Ihrer Wahl - kostenlos.<\/h3>\n\t\t\t\t\r\n\t\t\t\t\t\t\t\t\t\t\t\t<a href=\"https:\/\/saga-of-a-new-world.com\/de\/product\/saga-of-a-new-world-wattpad\/\" class=\"special-link\">Blick ins Buch<\/a>\r\n\t\t\t\t\t\t\t<\/div>\r\n\t\t<\/div><!-- end books-panel-info-inner -->\r\n\r\n\t\r\n\t\t\r\n\t<\/div><!-- end books-panel-info -->\r\n\r\n\t\t\r\n<\/div> <!-- end BooksPanel -->\r\n\r\n<div class=\"spacer hidden-md hidden-lg\" id=\"shortcode-12e1193ed2c803a79c6154ea6aa9d8dc\"><\/div>\t\t<\/div>\r\n\t<\/div>\r\n\t<\/section>\r\n<\/p>","protected":false},"excerpt":{"rendered":"<p>Wer wird in dieser neuen Welt der Magie und Technologie bestehen ... und wer wird fallen? Dieses Buch verbindet die moderne Postapokalypse mit Magie und Monstern und schildert den \u00dcberlebenskampf in einer ver\u00e4nderten Welt aus der Sicht einer jungen Frau auf eine zug\u00e4ngliche und spannende Weise. Sie werden keine Auserw\u00e4hlten unter ihnen finden...<\/p>","protected":false},"author":1,"featured_media":0,"parent":0,"menu_order":0,"comment_status":"closed","ping_status":"closed","template":"","meta":{"_uag_custom_page_level_css":"","footnotes":""},"class_list":["post-3898","page","type-page","status-publish","hentry"],"uagb_featured_image_src":{"full":false,"thumbnail":false,"medium":false,"medium_large":false,"large":false,"1536x1536":false,"2048x2048":false,"trp-custom-language-flag":false,"woocommerce_thumbnail":false,"woocommerce_single":false,"woocommerce_gallery_thumbnail":false,"odrin_landscape_small":false,"odrin_landscape_medium":false,"odrin_landscape_large":false,"odrin_landscape_wide":false,"odrin_square_small":false,"odrin_portrait":false,"odrin_small_soft":false,"odrin_medium":false,"odrin_medium_soft":false,"odrin_large":false,"odrin_large_soft":false,"post-thumbnail":false},"uagb_author_info":{"display_name":"Ember","author_link":"https:\/\/saga-of-a-new-world.com\/de\/author\/ember\/"},"uagb_comment_info":0,"uagb_excerpt":"Who will stand in this new world of magic and technology &#8230; And who will fall? This book combines modern post-apocalypse with magic and monsters, and presents the struggle for survival in a transformed world from the perspective of a young woman in an approachable and exciting way. You won&#8217;t find any chosen ones among...","_links":{"self":[{"href":"https:\/\/saga-of-a-new-world.com\/de\/wp-json\/wp\/v2\/pages\/3898","targetHints":{"allow":["GET"]}}],"collection":[{"href":"https:\/\/saga-of-a-new-world.com\/de\/wp-json\/wp\/v2\/pages"}],"about":[{"href":"https:\/\/saga-of-a-new-world.com\/de\/wp-json\/wp\/v2\/types\/page"}],"author":[{"embeddable":true,"href":"https:\/\/saga-of-a-new-world.com\/de\/wp-json\/wp\/v2\/users\/1"}],"replies":[{"embeddable":true,"href":"https:\/\/saga-of-a-new-world.com\/de\/wp-json\/wp\/v2\/comments?post=3898"}],"version-history":[{"count":6,"href":"https:\/\/saga-of-a-new-world.com\/de\/wp-json\/wp\/v2\/pages\/3898\/revisions"}],"predecessor-version":[{"id":3932,"href":"https:\/\/saga-of-a-new-world.com\/de\/wp-json\/wp\/v2\/pages\/3898\/revisions\/3932"}],"wp:attachment":[{"href":"https:\/\/saga-of-a-new-world.com\/de\/wp-json\/wp\/v2\/media?parent=3898"}],"curies":[{"name":"wp","href":"https:\/\/api.w.org\/{rel}","templated":true}]}}