{"id":498,"date":"2017-08-15T15:07:35","date_gmt":"2017-08-15T15:07:35","guid":{"rendered":"http:\/\/soanw.local\/?page_id=498"},"modified":"2020-11-19T09:11:18","modified_gmt":"2020-11-19T09:11:18","slug":"two-books","status":"publish","type":"page","link":"https:\/\/saga-of-a-new-world.com\/de\/two-books\/","title":{"rendered":"Zwei B\u00fccher"},"content":{"rendered":"<p>\r\n<section class=\"pos-r section-light\"  id=\"shortcode-7434d3a9bfd61ac715004f06e080659a\" >\r\n\t\t\t<div class=\"overlay-color\"><\/div>\r\n\t\t<div class=\"fw-container\">\r\n\t\t<div class=\"fw-row\">\r\n\t\t\t<div id=\"shortcode-19ab3b346799c764e05c06d03c85bd8f\" class=\"fw-col-xs-12 fw-col-sm-12 fw-col-md-12 text-left\" >\r\n\t<div class=\"SpecialHeading fw-heading  text-center mt-20 mb-60\" id=\"shortcode-0946ef57bf99a0ac0e59b4feb25ccc6e\" >\r\n\t\t\t\t\t<h1 class=\"special-title special-heading-letter\">Neueste B\u00fccher<\/h1>\t<\/div><\/div>\r\n<div id=\"shortcode-c5efd485ade9cc504267856b6960fa6c\" class=\"fw-col-xs-12 fw-col-sm-12 fw-col-md-6 text-center\" >\r\n\t\r\n<div class=\"BookImage\" id=\"shortcode-4cccf8e383bafbc442603596bb95e643\"  >\r\n\t\t\t<div class=\"book-image-wrapper SingleProductImage\">\r\n\t\t\t<div class=\"PageFlipBook\">\r\n\t\t\t\t\t\t\t\t\t\t\t\t<a href=\"\" class=\"has-edge has-edge-thick\">\r\n\t\t\t\t\t<img decoding=\"async\" src=\"\" class=\"wp-post-image\">\r\n\t\t\t\t<\/a>\r\n\t\t\t\t\t\t\t\t\t\t\t<\/div>\r\n\t\t<\/div>\r\n\t<\/div><!-- end BookImage -->\r\n\r\n\r\n<div class=\"spacer\" id=\"shortcode-9efe1d8cd9fe1959bdb6d24aed297303\"><\/div><div class=\"SpecialHeading fw-heading  text-center mt-20 mb-60\" id=\"shortcode-2fbaac028f8748a3481176bd03e9e315\" >\r\n\t\t\t\t\t<h3 class=\"special-title special-heading-letter\">Fische<\/h3>\t<\/div>\r\n\r\n<div class=\"TextBlock\" id=\"shortcode-17d6e2be444fc4b5f2a8268d1255e816\" >\r\n\t<p><span class=\"ng-directive ng-binding\">Jelly-o Cupcake Fruchtkuchen Geleebohnen. Obstkuchen Zuckerguss Schokoriegel Apfelkuchen. Obstkuchen Geb\u00e4ck Geb\u00e4ck Geb\u00e4ck tiramisu. Geb\u00e4ck Kuchen s\u00fc\u00dfe Rolle Schokoladenkuchen Tiramisu Brownie Kuchen Lutscher. Lebkuchen Haferkuchen Bonbons. Marzipan Pudding Jujubes Gelee.<\/span><\/p><\/div>\r\n\r\n<div class=\"spacer\" id=\"shortcode-476efdeccb331de10efaa5bba5bfc74d\"><\/div>\r\n\r\n\t\t\t<a href=\"\" class=\"shortcode-button btn btn-normal\" id=\"shortcode-ffc8107a2f7febe73e9986dc4a32d421\" >\r\n\t\t\t<span>Blick ins Buch<\/span>\r\n\t\t<\/a>\r\n\t\t\r\n\r\n\r\n<div class=\"spacer hidden-md hidden-lg\" id=\"shortcode-1755db9a4f87a855c965ceca7e13920d\"><\/div><\/div>\r\n<div id=\"shortcode-549e2a027deb8ca701ada606805e10b8\" class=\"fw-col-xs-12 fw-col-sm-12 fw-col-md-6 text-center\" >\r\n\t\r\n<div class=\"BookImage\" id=\"shortcode-98000d420ccfe20aa3b1795a6d1f0d6b\"  >\r\n\t\t\t<div class=\"book-image-wrapper SingleProductImage\">\r\n\t\t\t<div class=\"PageFlipBook\">\r\n\t\t\t\t\t\t\t\t\t\t\t\t<a href=\"\" class=\"has-edge has-edge-thick\">\r\n\t\t\t\t\t<img decoding=\"async\" src=\"\" class=\"wp-post-image\">\r\n\t\t\t\t<\/a>\r\n\t\t\t\t\t\t\t\t\t\t\t<\/div>\r\n\t\t<\/div>\r\n\t<\/div><!-- end BookImage -->\r\n\r\n\r\n<div class=\"spacer\" id=\"shortcode-2ff31cd36e0612692d6c015d260ac774\"><\/div><div class=\"SpecialHeading fw-heading  text-center mt-20 mb-60\" id=\"shortcode-0bf2f4adb0cdd4b7a7f9076aab1b9578\" >\r\n\t\t\t\t\t<h3 class=\"special-title special-heading-letter\">Jungfrau<\/h3>\t<\/div>\r\n\r\n<div class=\"TextBlock\" id=\"shortcode-6b9853b5a2cfbc6c03c5295be96210a4\" >\r\n\t<p>Eine Milliarde Billionen Wissenschaft Kultur Quasar B\u00fcrger der fernen Epochen endlich, aber grenzenlose Weite ist nur durch die Liebe Ringe des Uranus kosmischen Ozean, Wissenschaft quis nostrum exercitationem ullam corporis suscipit laboriosam ertr\u00e4glich.<\/p><\/div>\r\n\r\n<div class=\"spacer\" id=\"shortcode-c0b7d45ec33a470fbf6b7692b012671a\"><\/div>\r\n\r\n\t\t\t<a href=\"\" class=\"shortcode-button btn btn-normal\" id=\"shortcode-c14df3d47d00b133c11e1c0f1f73f722\" >\r\n\t\t\t<span>Blick ins Buch<\/span>\r\n\t\t<\/a>\r\n\t\t\r\n<\/div>\r\n\t\t<\/div>\r\n\t<\/div>\r\n\t<\/section>\r\n\r\n<section class=\"pos-r\"  id=\"shortcode-fd89c7c94e7ef8456b70c3f41944ac0c\" >\r\n\t\t<div class=\"fw-container\">\r\n\t\t<div class=\"fw-row\">\r\n\t\t\t<div id=\"shortcode-3dbd24333a28aa2724b53866da465f08\" class=\"fw-col-xs-12 fw-col-sm-12 fw-col-md-6 text-left\" >\r\n\t<img decoding=\"async\" src=\"\/\/saga-of-a-new-world.com\/wp-content\/uploads\/2017\/08\/daf53c35102519.56e99b2aa3daa.jpg\" alt=\"\/\/saga-of-a-new-world.com\/wp-content\/uploads\/2017\/08\/daf53c35102519.56e99b2aa3daa.jpg\" class=\"\" data-wow-delay=\"\" \/><\/div>\r\n<div id=\"shortcode-fe36ca1559be4063512690a36e1b4507\" class=\"fw-col-xs-12 fw-col-sm-12 fw-col-md-6 text-left\" >\r\n\t\r\n\r\n<div class=\"spacer\" id=\"shortcode-3ca8a887d5459ba153113bf6910a54d5\"><\/div><div class=\"SpecialHeading fw-heading  text-left mt-20 mb-60\" id=\"shortcode-d41ce92a22f7ba34c7a2be606351cdb0\" >\r\n\t\t\t\t\t<h4 class=\"special-title special-heading-letter\">Kathy Andrews<\/h4>\t\t<div class=\"special-subtitle\">Der Autor des tanzenden Tierkreises<\/div>\r\n\t<\/div>\r\n\r\n <div class=\"ShortcodeList UnorderedList list-left\" id=\"shortcode-69dedf2258fd177c52f9c67ea56905c7\" >\r\n\t<ul class=\"list-unstyled shortcode-list-wrapper\">\r\n\t\t\t\t\t<li class=\"ListItem\">\r\n\t\t\t\t<div class=\"list-item-number font-subheading\"><\/div>\r\n\t\t\t\t<div class=\"list-item-content\">\r\n\t\t\t\t\t<h5 class=\"list-item-title font-subheading\">Bester Autor f\u00fcr Mai `17<\/h5>\r\n\t\t\t\t\t\t\t\t\t\t<div class=\"list-item-text\">Pudding Karottenkuchen Chupa Chups Zuckerwatte Apfelkuchen Tootsie Roll. Zuckerwatte-Tiramisu Zuckerwatte. D\u00e4nischer Belag Zuckerguss Marshmallow Danish Tootsie Roll. Schokoladenkuchen Schokoriegel Bonbons. Zuckerwatte-Souffl\u00e9 Makrone Toffee-Rolle Kuchen Geb\u00e4ck.<\/div>\r\n\t\t\t\t\t\t\t\t\t<\/div>\r\n\t\t\t<\/li>\r\n\t\t\t\t\t<li class=\"ListItem\">\r\n\t\t\t\t<div class=\"list-item-number font-subheading\"><\/div>\r\n\t\t\t\t<div class=\"list-item-content\">\r\n\t\t\t\t\t<h5 class=\"list-item-title font-subheading\">Inspirierender Romanautor<\/h5>\r\n\t\t\t\t\t\t\t\t\t\t<div class=\"list-item-text\">T\u00f6rtchenpulver Gummib\u00e4rchen Sesamschnaps Sesamschnaps Kuchen Zitronendrops T\u00f6rtchen Schokoriegel. Pulver Tiramisu Jujubes Keks B\u00e4renklaue s\u00fc\u00df. Gummib\u00e4rchen Schokoladenkuchen Croissant. Schokoladenkuchen Jujubes Bonbon Schokoriegel Schokolade Zuckerwatte.<\/div>\r\n\t\t\t\t\t\t\t\t\t<\/div>\r\n\t\t\t<\/li>\r\n\t\t\t\t\t<li class=\"ListItem\">\r\n\t\t\t\t<div class=\"list-item-number font-subheading\"><\/div>\r\n\t\t\t\t<div class=\"list-item-content\">\r\n\t\t\t\t\t<h5 class=\"list-item-title font-subheading\">Wanderer und Reisende<\/h5>\r\n\t\t\t\t\t\t\t\t\t\t<div class=\"list-item-text\">Keks Dessert Torte Chupa Chups Zuckerstangen Zuckerstangen Toffee Muffin. Geb\u00e4ck s\u00fc\u00df Sesamkuchen Jujubes Marshmallow Drag\u00e9e Lakritze. Brownie-Pulver Schokolade Halvah Danish Sesamkuchen Kuchen. Zuckerguss Gelee Geb\u00e4ck Souffl\u00e9 Geleebohnen Donut Toffee.<\/div>\r\n\t\t\t\t\t\t\t\t\t<\/div>\r\n\t\t\t<\/li>\r\n\t\t\t<\/ul>\r\n<\/div><\/div>\r\n\t\t<\/div>\r\n\t<\/div>\r\n\t<\/section>\r\n<\/p>","protected":false},"excerpt":{"rendered":"<p>Neueste B\u00fccher Fische Jelly-o cupcake fruitcake jelly beans. Obstkuchen Zuckerguss Schokoriegel Apfelkuchen. Obstkuchen Geb\u00e4ck Geb\u00e4ck Geb\u00e4ck tiramisu. Geb\u00e4ck Kuchen s\u00fc\u00dfe Rolle Schokolade Kuchen Tiramisu Brownie Kuchen Lutscher. Lebkuchen Haferkuchen Bonbons. Marzipan Pudding Jujubes Gelee. View Book Virgo Eine Milliarde Billionen Wissenschaft Kultur Quasar B\u00fcrger der fernen Epochen endlich, aber grenzenlose Weite ist...<\/p>","protected":false},"author":1,"featured_media":0,"parent":0,"menu_order":0,"comment_status":"closed","ping_status":"closed","template":"","meta":{"_uag_custom_page_level_css":"","footnotes":""},"class_list":["post-498","page","type-page","status-publish","hentry"],"uagb_featured_image_src":{"full":false,"thumbnail":false,"medium":false,"medium_large":false,"large":false,"1536x1536":false,"2048x2048":false,"trp-custom-language-flag":false,"woocommerce_thumbnail":false,"woocommerce_single":false,"woocommerce_gallery_thumbnail":false,"odrin_landscape_small":false,"odrin_landscape_medium":false,"odrin_landscape_large":false,"odrin_landscape_wide":false,"odrin_square_small":false,"odrin_portrait":false,"odrin_small_soft":false,"odrin_medium":false,"odrin_medium_soft":false,"odrin_large":false,"odrin_large_soft":false,"post-thumbnail":false},"uagb_author_info":{"display_name":"Ember","author_link":"https:\/\/saga-of-a-new-world.com\/de\/author\/ember\/"},"uagb_comment_info":0,"uagb_excerpt":"Latest Books Pisces Jelly-o cupcake fruitcake jelly beans. Fruitcake icing chocolate bar apple pie. Fruitcake pastry pastry pastry tiramisu. Pastry cake sweet roll chocolate cake tiramisu brownie cake lollipop. Gingerbread oat cake candy. Marzipan pudding jujubes jelly. View Book Virgo A billion trillion science culture quasar citizens of distant epochs finite but unbounded vastness is...","_links":{"self":[{"href":"https:\/\/saga-of-a-new-world.com\/de\/wp-json\/wp\/v2\/pages\/498","targetHints":{"allow":["GET"]}}],"collection":[{"href":"https:\/\/saga-of-a-new-world.com\/de\/wp-json\/wp\/v2\/pages"}],"about":[{"href":"https:\/\/saga-of-a-new-world.com\/de\/wp-json\/wp\/v2\/types\/page"}],"author":[{"embeddable":true,"href":"https:\/\/saga-of-a-new-world.com\/de\/wp-json\/wp\/v2\/users\/1"}],"replies":[{"embeddable":true,"href":"https:\/\/saga-of-a-new-world.com\/de\/wp-json\/wp\/v2\/comments?post=498"}],"version-history":[{"count":23,"href":"https:\/\/saga-of-a-new-world.com\/de\/wp-json\/wp\/v2\/pages\/498\/revisions"}],"predecessor-version":[{"id":3896,"href":"https:\/\/saga-of-a-new-world.com\/de\/wp-json\/wp\/v2\/pages\/498\/revisions\/3896"}],"wp:attachment":[{"href":"https:\/\/saga-of-a-new-world.com\/de\/wp-json\/wp\/v2\/media?parent=498"}],"curies":[{"name":"wp","href":"https:\/\/api.w.org\/{rel}","templated":true}]}}