{"id":589,"date":"2017-08-17T09:13:21","date_gmt":"2017-08-17T09:13:21","guid":{"rendered":"http:\/\/soanw.local\/?page_id=589"},"modified":"2021-10-05T13:53:21","modified_gmt":"2021-10-05T13:53:21","slug":"about-me","status":"publish","type":"page","link":"https:\/\/saga-of-a-new-world.com\/de\/about-me\/","title":{"rendered":"\u00dcber mich"},"content":{"rendered":"<section class=\"pos-r\"  id=\"shortcode-9d990bb371641d0b5662024b0232466a\" >\r\n\t\t<div class=\"fw-container\">\r\n\t\t<div class=\"fw-row\">\r\n\t\t\t<div id=\"shortcode-e87de1a2dc5bae68de25db04a2992078\" class=\"fw-col-xs-12 fw-col-sm-12 fw-col-md-12 text-left\" >\r\n\t\r\n\r\n<div class=\"SpecialTextBlock special-text-block-color special-text-block-has-image pos-r\" id=\"shortcode-0ce54fa5d6b07be75a6848cabca16bdd\" >\r\n\t\r\n\t\t<div class=\"SpecialHeading fw-heading mb-40\">\r\n\t\t<h2 class=\"special-title special-heading-letter\">Louis Krahn<\/h2>\r\n\t\t\t\t<div class=\"special-subtitle\">Passionierter Autor, Gamer und Anwalt.<\/div>\r\n\t\t\t<\/div>\r\n\t\t\t<div class=\"special-text-block-image\">\t\t\r\n\t\t<div class=\"bg-image\" data-bg-image=\"\/\/saga-of-a-new-world.com\/wp-content\/uploads\/2021\/07\/Louis-at-work-overlay.jpg\"><\/div>\r\n\t<\/div>\r\n\t\t\t\t\t\t<div class=\"special-text-block-content section-light font-subheading\">\r\n\t\t\t\t<p>Ich habe ein Buch und zwei weitere halbwegs fertiggestellt, bevor ich anfing, f\u00fcr die neue Welt zu schreiben. Zuerst habe ich nur gew\u00fcrfelt, um einige Ereignisse zuf\u00e4llig zu bestimmen, aber nach meinem ersten Kontakt mit DnD bin ich weiter gegangen. Ich habe ein ganzes System entwickelt, um die Ereignisse des Buches zu beurteilen, und jetzt wird dieses System langsam zu etwas verfeinert, das au\u00dferhalb der kontrollierten Grenzen eines Buches verwendet werden kann.<\/p><p>\r\n\r\n\t\t<a href=\"\/de\/contact-me\/\" target=\"_blank\" class=\"shortcode-button btn btn-normal\" id=\"shortcode-cfc3e8d3be81cc88d83aa02a5719cfab\" >\r\n\t\t<span>Kontakt<\/span>\r\n\t<\/a>\r\n\r\n<\/p>\t<\/div>\r\n\t\t\r\n<\/div> <!-- end SpecialTextBlock --><\/div>\r\n\t\t<\/div>\r\n\t<\/div>\r\n\t<\/section>","protected":false},"excerpt":{"rendered":"<p>Louis Krahn Leidenschaftlicher Autor, Gamer und Anwalt. Ich habe ein Buch und zwei weitere halbwegs fertiggestellt, bevor ich anfing, f\u00fcr die neue Welt zu schreiben. Zuerst habe ich nur gew\u00fcrfelt, um einige Ereignisse zuf\u00e4llig zu bestimmen, aber nach meinem ersten Kontakt mit DnD bin ich weiter gegangen. Ich entwickelte ein ganzes System, um die Ereignisse des Buches zu beurteilen...<\/p>","protected":false},"author":1,"featured_media":0,"parent":0,"menu_order":0,"comment_status":"closed","ping_status":"closed","template":"","meta":{"_uag_custom_page_level_css":"","footnotes":""},"class_list":["post-589","page","type-page","status-publish","hentry"],"uagb_featured_image_src":{"full":false,"thumbnail":false,"medium":false,"medium_large":false,"large":false,"1536x1536":false,"2048x2048":false,"trp-custom-language-flag":false,"woocommerce_thumbnail":false,"woocommerce_single":false,"woocommerce_gallery_thumbnail":false,"odrin_landscape_small":false,"odrin_landscape_medium":false,"odrin_landscape_large":false,"odrin_landscape_wide":false,"odrin_square_small":false,"odrin_portrait":false,"odrin_small_soft":false,"odrin_medium":false,"odrin_medium_soft":false,"odrin_large":false,"odrin_large_soft":false,"post-thumbnail":false},"uagb_author_info":{"display_name":"Ember","author_link":"https:\/\/saga-of-a-new-world.com\/de\/author\/ember\/"},"uagb_comment_info":0,"uagb_excerpt":"Louis Krahn Passionate author, gamer and lawyer. I finished a book and two more halfway before I first started writing for the new world. At first, I only rolled dice to randomly determine some events, but after my first contact with DnD, I went further. I developed an entire system to adjudicate the book's events...","_links":{"self":[{"href":"https:\/\/saga-of-a-new-world.com\/de\/wp-json\/wp\/v2\/pages\/589","targetHints":{"allow":["GET"]}}],"collection":[{"href":"https:\/\/saga-of-a-new-world.com\/de\/wp-json\/wp\/v2\/pages"}],"about":[{"href":"https:\/\/saga-of-a-new-world.com\/de\/wp-json\/wp\/v2\/types\/page"}],"author":[{"embeddable":true,"href":"https:\/\/saga-of-a-new-world.com\/de\/wp-json\/wp\/v2\/users\/1"}],"replies":[{"embeddable":true,"href":"https:\/\/saga-of-a-new-world.com\/de\/wp-json\/wp\/v2\/comments?post=589"}],"version-history":[{"count":29,"href":"https:\/\/saga-of-a-new-world.com\/de\/wp-json\/wp\/v2\/pages\/589\/revisions"}],"predecessor-version":[{"id":3424,"href":"https:\/\/saga-of-a-new-world.com\/de\/wp-json\/wp\/v2\/pages\/589\/revisions\/3424"}],"wp:attachment":[{"href":"https:\/\/saga-of-a-new-world.com\/de\/wp-json\/wp\/v2\/media?parent=589"}],"curies":[{"name":"wp","href":"https:\/\/api.w.org\/{rel}","templated":true}]}}