{"id":3689,"date":"2021-11-15T20:36:45","date_gmt":"2021-11-15T20:36:45","guid":{"rendered":"https:\/\/saga-of-a-new-world.com\/?post_type=product&#038;p=3689"},"modified":"2021-11-16T15:45:21","modified_gmt":"2021-11-16T15:45:21","slug":"sage-einer-neuen-welt-amazon-de","status":"publish","type":"product","link":"https:\/\/saga-of-a-new-world.com\/de\/product\/sage-einer-neuen-welt-amazon-de\/","title":{"rendered":"Sage einer Neuen Welt (Amazon DE)"},"content":{"rendered":"<p>Wer wird in dieser neuen Welt der Magie und Technologie bestehen ... und wer wird fallen?<\/p>\n<p>Dieses Buch kombiniert moderne Post-Apokalypse mit Magie und Monstern und stellt den Kampf ums \u00dcberleben in einer verwandelten Welt aus der Perspektive einer jungen Frau nahbar und spannend dar. Auserw\u00e4hlte wird man unter den Hauptcharakteren keine finden, nur normale Leute in einer v\u00f6llig abnormalen Situation. Im Anschluss an die eigentliche Geschichte befindet sich ein Kompendium, wo alle im Buch beschriebenen Kreaturen und die wichtigsten Charaktere illustriert sind.<\/p>\n<p>Nach einer r\u00e4tselhaften Warnung im Radio verschlingt ein schwarzer Nebel die Welt. Astrid, eine junge Frau, wird in der \u00fcbernat\u00fcrlichen Dunkelheit von ihrer Familie getrennt und erwacht am n\u00e4chsten Morgen allein im Wald. Sie ist nicht mehr sie selbst. W\u00e4hrend des Nebels erhielt sie den K\u00f6rper einer jungen Elfe namens Novi und sie ist nicht die Einzige, die verwandelt wurde. Monster streifen durch die Landschaft und schwarzer, t\u00f6dlicher Nebel bedeckt die St\u00e4dte. Nun muss Astrid es schaffen, ihre Familie zu finden, ohne dabei zu sterben. Leichter gesagt als getan, doch zum Gl\u00fcck trifft sie schnell auf andere \u00dcberlebende. Nichts schwei\u00dft Menschen so zusammen wie eine Katastrophe und gemeinsam mit Noah, ein Polizist, der in einen Kobold verwandelt wurde, Fynn, ein junger J\u00e4ger, Kommissarin Winkler, ein alter Kommissar, der den K\u00f6rper einer jungen Elfe bekommen hat und vielen anderen, stellt Astrid sich dieser neuen Welt. Vielleicht werden sie zusammen sogar \u00fcberleben.<\/p>","protected":false},"excerpt":{"rendered":"<h3>Kaufen Sie das deutsche Taschenbuch oder ebook auf Amazon.<\/h3>","protected":false},"featured_media":3690,"template":"","meta":{"_uag_custom_page_level_css":""},"product_brand":[],"product_cat":[113],"product_tag":[114],"class_list":{"0":"post-3689","1":"product","2":"type-product","3":"status-publish","4":"has-post-thumbnail","6":"product_cat-sage-einer-neuen-welt","7":"product_tag-post-apokalyptischer-fantasy-roman","9":"first","10":"instock","11":"sold-individually","12":"product-type-external"},"uagb_featured_image_src":{"full":["https:\/\/saga-of-a-new-world.com\/wp-content\/uploads\/2021\/11\/Book-Image-SoaNW-1-Amazon-DE.jpg",1443,2194,false],"thumbnail":["https:\/\/saga-of-a-new-world.com\/wp-content\/uploads\/2021\/11\/Book-Image-SoaNW-1-Amazon-DE-150x150.jpg",150,150,true],"medium":["https:\/\/saga-of-a-new-world.com\/wp-content\/uploads\/2021\/11\/Book-Image-SoaNW-1-Amazon-DE-197x300.jpg",197,300,true],"medium_large":["https:\/\/saga-of-a-new-world.com\/wp-content\/uploads\/2021\/11\/Book-Image-SoaNW-1-Amazon-DE-768x1168.jpg",768,1168,true],"large":["https:\/\/saga-of-a-new-world.com\/wp-content\/uploads\/2021\/11\/Book-Image-SoaNW-1-Amazon-DE-673x1024.jpg",673,1024,true],"1536x1536":["https:\/\/saga-of-a-new-world.com\/wp-content\/uploads\/2021\/11\/Book-Image-SoaNW-1-Amazon-DE-1010x1536.jpg",1010,1536,true],"2048x2048":["https:\/\/saga-of-a-new-world.com\/wp-content\/uploads\/2021\/11\/Book-Image-SoaNW-1-Amazon-DE-1347x2048.jpg",1347,2048,true],"trp-custom-language-flag":["https:\/\/saga-of-a-new-world.com\/wp-content\/uploads\/2021\/11\/Book-Image-SoaNW-1-Amazon-DE-8x12.jpg",8,12,true],"woocommerce_thumbnail":["https:\/\/saga-of-a-new-world.com\/wp-content\/uploads\/2021\/11\/Book-Image-SoaNW-1-Amazon-DE-400x400.jpg",400,400,true],"woocommerce_single":["https:\/\/saga-of-a-new-world.com\/wp-content\/uploads\/2021\/11\/Book-Image-SoaNW-1-Amazon-DE-700x1064.jpg",700,1064,true],"woocommerce_gallery_thumbnail":["https:\/\/saga-of-a-new-world.com\/wp-content\/uploads\/2021\/11\/Book-Image-SoaNW-1-Amazon-DE-100x100.jpg",100,100,true],"odrin_landscape_small":["https:\/\/saga-of-a-new-world.com\/wp-content\/uploads\/2021\/11\/Book-Image-SoaNW-1-Amazon-DE-300x225.jpg",300,225,true],"odrin_landscape_medium":["https:\/\/saga-of-a-new-world.com\/wp-content\/uploads\/2021\/11\/Book-Image-SoaNW-1-Amazon-DE-1000x600.jpg",1000,600,true],"odrin_landscape_large":["https:\/\/saga-of-a-new-world.com\/wp-content\/uploads\/2021\/11\/Book-Image-SoaNW-1-Amazon-DE-1443x1100.jpg",1443,1100,true],"odrin_landscape_wide":["https:\/\/saga-of-a-new-world.com\/wp-content\/uploads\/2021\/11\/Book-Image-SoaNW-1-Amazon-DE-1443x300.jpg",1443,300,true],"odrin_square_small":["https:\/\/saga-of-a-new-world.com\/wp-content\/uploads\/2021\/11\/Book-Image-SoaNW-1-Amazon-DE-100x100.jpg",100,100,true],"odrin_portrait":["https:\/\/saga-of-a-new-world.com\/wp-content\/uploads\/2021\/11\/Book-Image-SoaNW-1-Amazon-DE-400x550.jpg",400,550,true],"odrin_small_soft":["https:\/\/saga-of-a-new-world.com\/wp-content\/uploads\/2021\/11\/Book-Image-SoaNW-1-Amazon-DE-263x400.jpg",263,400,true],"odrin_medium":["https:\/\/saga-of-a-new-world.com\/wp-content\/uploads\/2021\/11\/Book-Image-SoaNW-1-Amazon-DE-700x700.jpg",700,700,true],"odrin_medium_soft":["https:\/\/saga-of-a-new-world.com\/wp-content\/uploads\/2021\/11\/Book-Image-SoaNW-1-Amazon-DE-460x700.jpg",460,700,true],"odrin_large":["https:\/\/saga-of-a-new-world.com\/wp-content\/uploads\/2021\/11\/Book-Image-SoaNW-1-Amazon-DE-1300x1300.jpg",1300,1300,true],"odrin_large_soft":["https:\/\/saga-of-a-new-world.com\/wp-content\/uploads\/2021\/11\/Book-Image-SoaNW-1-Amazon-DE-855x1300.jpg",855,1300,true],"post-thumbnail":["https:\/\/saga-of-a-new-world.com\/wp-content\/uploads\/2021\/11\/Book-Image-SoaNW-1-Amazon-DE-50x50.jpg",50,50,true]},"uagb_author_info":{"display_name":"Ember","author_link":"https:\/\/saga-of-a-new-world.com\/de\/author\/"},"uagb_comment_info":0,"uagb_excerpt":"Buy the german paperback or ebook on Amazon.","_links":{"self":[{"href":"https:\/\/saga-of-a-new-world.com\/de\/wp-json\/wp\/v2\/product\/3689","targetHints":{"allow":["GET"]}}],"collection":[{"href":"https:\/\/saga-of-a-new-world.com\/de\/wp-json\/wp\/v2\/product"}],"about":[{"href":"https:\/\/saga-of-a-new-world.com\/de\/wp-json\/wp\/v2\/types\/product"}],"wp:featuredmedia":[{"embeddable":true,"href":"https:\/\/saga-of-a-new-world.com\/de\/wp-json\/wp\/v2\/media\/3690"}],"wp:attachment":[{"href":"https:\/\/saga-of-a-new-world.com\/de\/wp-json\/wp\/v2\/media?parent=3689"}],"wp:term":[{"taxonomy":"product_brand","embeddable":true,"href":"https:\/\/saga-of-a-new-world.com\/de\/wp-json\/wp\/v2\/product_brand?post=3689"},{"taxonomy":"product_cat","embeddable":true,"href":"https:\/\/saga-of-a-new-world.com\/de\/wp-json\/wp\/v2\/product_cat?post=3689"},{"taxonomy":"product_tag","embeddable":true,"href":"https:\/\/saga-of-a-new-world.com\/de\/wp-json\/wp\/v2\/product_tag?post=3689"}],"curies":[{"name":"wp","href":"https:\/\/api.w.org\/{rel}","templated":true}]}}