{"id":3928,"date":"2023-06-29T06:20:03","date_gmt":"2023-06-29T06:20:03","guid":{"rendered":"https:\/\/saga-of-a-new-world.com\/?post_type=product&#038;p=3928"},"modified":"2024-06-09T05:52:26","modified_gmt":"2024-06-09T05:52:26","slug":"saga-of-a-new-world-free-e-book","status":"publish","type":"product","link":"https:\/\/saga-of-a-new-world.com\/de\/product\/saga-of-a-new-world-free-e-book\/","title":{"rendered":"Sage einer Neuen Welt"},"content":{"rendered":"<blockquote><p>Wer wird in dieser neuen Welt der Magie und Technologie bestehen ... und wer wird fallen?<\/p><\/blockquote>\n<p>Dieses Buch verbindet die moderne Postapokalypse mit Magie und Monstern und schildert den \u00dcberlebenskampf in einer ver\u00e4nderten Welt aus der Sicht einer jungen Frau auf eine zug\u00e4ngliche und spannende Weise. Unter den Hauptfiguren finden sich keine Auserw\u00e4hlten, sondern ganz normale Menschen in einer v\u00f6llig abnormalen Situation.<\/p>\n<p>Nach einer r\u00e4tselhaften Warnung im Radio verschlingt ein schwarzer Nebel die Welt. Astrid, eine junge Frau, wird in der \u00fcbernat\u00fcrlichen Dunkelheit von ihrer Familie getrennt und erwacht am n\u00e4chsten Morgen allein im Wald. Sie ist nicht mehr sie selbst. W\u00e4hrend des Nebels erhielt sie den K\u00f6rper einer jungen Elfe namens Novi und sie ist nicht die Einzige, die verwandelt wurde. Monster streifen durch die Landschaft und schwarzer, t\u00f6dlicher Nebel bedeckt die St\u00e4dte. Nun muss Astrid es schaffen, ihre Familie zu finden, ohne dabei zu sterben. Leichter gesagt als getan, doch zum Gl\u00fcck trifft sie schnell auf andere \u00dcberlebende. Nichts schwei\u00dft Menschen so zusammen wie eine Katastrophe und gemeinsam mit Noah, ein Polizist, der in einen Kobold verwandelt wurde, Fynn, ein junger J\u00e4ger, Kommissarin Winkler, ein alter Kommissar, der den K\u00f6rper einer jungen Elfe bekommen hat und vielen anderen, stellt Astrid sich dieser neuen Welt. Vielleicht werden sie zusammen sogar \u00fcberleben.<\/p>","protected":false},"excerpt":{"rendered":"<h3>Read for free.<\/h3>\n<p>[button id=\"72c063a6f404e5d9c002a9493b199109\" label=\"View on Wattpad\" button_type=\"{\u2039\u00b2\u203abutton_type_select\u2039\u00b2\u203a:\u2039\u00b2\u203anormal_button\u2039\u00b2\u203a,\u2039\u00b2\u203anormal_button\u2039\u00b2\u203a:{\u2039\u00b2\u203alink\u2039\u00b2\u203a:\u2039\u00b2\u203ahttps:\/\/www.wattpad.com\/user\/LKrahn\u2039\u00b2\u203a,\u2039\u00b2\u203atarget\u2039\u00b2\u203a:\u2039\u00b2\u203a_blank\u2039\u00b2\u203a},\u2039\u00b2\u203aproduct_button\u2039\u00b2\u203a:{\u2039\u00b2\u203aproduct\u2039\u00b2\u203a:\u2039\u00b2\u203a156\u2039\u00b2\u203a,\u2039\u00b2\u203aproduct_button_type\u2039\u00b2\u203a:\u2039\u00b2\u203aview_book\u2039\u00b2\u203a}}\" color=\"normal\" hide_on_desktop=\"false\" hide_on_mobile=\"false\" animation_on_scroll=\"{\u2039\u00b2\u203aanimation_enable\u2039\u00b2\u203a:\u2039\u00b2\u203ano\u2039\u00b2\u203a,\u2039\u00b2\u203ayes\u2039\u00b2\u203a:{\u2039\u00b2\u203aanimation_type\u2039\u00b2\u203a:\u2039\u00b2\u203afadeIn\u2039\u00b2\u203a,\u2039\u00b2\u203aanimation_delay\u2039\u00b2\u203a:\u2039\u00b2\u203a0\u2039\u00b2\u203a}}\" __fw_editor_shortcodes_id=\"819c4fd977ec0245988f286f5bf28997\" _array_keys=\"{\u2039\u00b2\u203abutton_type\u2039\u00b2\u203a:\u2039\u00b2\u203abutton_type\u2039\u00b2\u203a,\u2039\u00b2\u203aanimation_on_scroll\u2039\u00b2\u203a:\u2039\u00b2\u203aanimation_on_scroll\u2039\u00b2\u203a}\" _fw_coder=\"aggressive\"][\/button][button id=\"72c063a6f404e5d9c002a9493b199109\" label=\"View on Inkitt\" button_type=\"{\u2039\u00b2\u203abutton_type_select\u2039\u00b2\u203a:\u2039\u00b2\u203anormal_button\u2039\u00b2\u203a,\u2039\u00b2\u203anormal_button\u2039\u00b2\u203a:{\u2039\u00b2\u203alink\u2039\u00b2\u203a:\u2039\u00b2\u203ahttps:\/\/www.inkitt.com\/louisfkrahn\u2039\u00b2\u203a,\u2039\u00b2\u203atarget\u2039\u00b2\u203a:\u2039\u00b2\u203a_blank\u2039\u00b2\u203a},\u2039\u00b2\u203aproduct_button\u2039\u00b2\u203a:{\u2039\u00b2\u203aproduct\u2039\u00b2\u203a:\u2039\u00b2\u203a\u2039\u00b2\u203a,\u2039\u00b2\u203aproduct_button_type\u2039\u00b2\u203a:\u2039\u00b2\u203abuy\u2039\u00b2\u203a}}\" color=\"normal\" hide_on_desktop=\"false\" hide_on_mobile=\"false\" animation_on_scroll=\"{\u2039\u00b2\u203aanimation_enable\u2039\u00b2\u203a:\u2039\u00b2\u203ano\u2039\u00b2\u203a,\u2039\u00b2\u203ayes\u2039\u00b2\u203a:{\u2039\u00b2\u203aanimation_type\u2039\u00b2\u203a:\u2039\u00b2\u203afadeIn\u2039\u00b2\u203a,\u2039\u00b2\u203aanimation_delay\u2039\u00b2\u203a:\u2039\u00b2\u203a0\u2039\u00b2\u203a}}\" __fw_editor_shortcodes_id=\"5ea24e85b8d97a20447f4fcf228c7b7b\" _array_keys=\"{\u2039\u00b2\u203abutton_type\u2039\u00b2\u203a:\u2039\u00b2\u203abutton_type\u2039\u00b2\u203a,\u2039\u00b2\u203aanimation_on_scroll\u2039\u00b2\u203a:\u2039\u00b2\u203aanimation_on_scroll\u2039\u00b2\u203a}\" _fw_coder=\"aggressive\"][\/button]<\/p>\n","protected":false},"featured_media":3687,"template":"","meta":{"_uag_custom_page_level_css":""},"product_brand":[],"product_cat":[113],"product_tag":[114],"class_list":{"0":"post-3928","1":"product","2":"type-product","3":"status-publish","4":"has-post-thumbnail","6":"product_cat-sage-einer-neuen-welt","7":"product_tag-post-apokalyptischer-fantasy-roman","9":"first","10":"instock","11":"downloadable","12":"sold-individually","13":"product-type-simple"},"uagb_featured_image_src":{"full":["https:\/\/saga-of-a-new-world.com\/wp-content\/uploads\/2021\/11\/Book-Image-SoaNW-1-Amazon-US.jpg",1443,2194,false],"thumbnail":["https:\/\/saga-of-a-new-world.com\/wp-content\/uploads\/2021\/11\/Book-Image-SoaNW-1-Amazon-US-150x150.jpg",150,150,true],"medium":["https:\/\/saga-of-a-new-world.com\/wp-content\/uploads\/2021\/11\/Book-Image-SoaNW-1-Amazon-US-197x300.jpg",197,300,true],"medium_large":["https:\/\/saga-of-a-new-world.com\/wp-content\/uploads\/2021\/11\/Book-Image-SoaNW-1-Amazon-US-768x1168.jpg",768,1168,true],"large":["https:\/\/saga-of-a-new-world.com\/wp-content\/uploads\/2021\/11\/Book-Image-SoaNW-1-Amazon-US-673x1024.jpg",673,1024,true],"1536x1536":["https:\/\/saga-of-a-new-world.com\/wp-content\/uploads\/2021\/11\/Book-Image-SoaNW-1-Amazon-US-1010x1536.jpg",1010,1536,true],"2048x2048":["https:\/\/saga-of-a-new-world.com\/wp-content\/uploads\/2021\/11\/Book-Image-SoaNW-1-Amazon-US-1347x2048.jpg",1347,2048,true],"trp-custom-language-flag":["https:\/\/saga-of-a-new-world.com\/wp-content\/uploads\/2021\/11\/Book-Image-SoaNW-1-Amazon-US-8x12.jpg",8,12,true],"woocommerce_thumbnail":["https:\/\/saga-of-a-new-world.com\/wp-content\/uploads\/2021\/11\/Book-Image-SoaNW-1-Amazon-US-400x400.jpg",400,400,true],"woocommerce_single":["https:\/\/saga-of-a-new-world.com\/wp-content\/uploads\/2021\/11\/Book-Image-SoaNW-1-Amazon-US-700x1064.jpg",700,1064,true],"woocommerce_gallery_thumbnail":["https:\/\/saga-of-a-new-world.com\/wp-content\/uploads\/2021\/11\/Book-Image-SoaNW-1-Amazon-US-100x100.jpg",100,100,true],"odrin_landscape_small":["https:\/\/saga-of-a-new-world.com\/wp-content\/uploads\/2021\/11\/Book-Image-SoaNW-1-Amazon-US-300x225.jpg",300,225,true],"odrin_landscape_medium":["https:\/\/saga-of-a-new-world.com\/wp-content\/uploads\/2021\/11\/Book-Image-SoaNW-1-Amazon-US-1000x600.jpg",1000,600,true],"odrin_landscape_large":["https:\/\/saga-of-a-new-world.com\/wp-content\/uploads\/2021\/11\/Book-Image-SoaNW-1-Amazon-US-1443x1100.jpg",1443,1100,true],"odrin_landscape_wide":["https:\/\/saga-of-a-new-world.com\/wp-content\/uploads\/2021\/11\/Book-Image-SoaNW-1-Amazon-US-1443x300.jpg",1443,300,true],"odrin_square_small":["https:\/\/saga-of-a-new-world.com\/wp-content\/uploads\/2021\/11\/Book-Image-SoaNW-1-Amazon-US-100x100.jpg",100,100,true],"odrin_portrait":["https:\/\/saga-of-a-new-world.com\/wp-content\/uploads\/2021\/11\/Book-Image-SoaNW-1-Amazon-US-400x550.jpg",400,550,true],"odrin_small_soft":["https:\/\/saga-of-a-new-world.com\/wp-content\/uploads\/2021\/11\/Book-Image-SoaNW-1-Amazon-US-263x400.jpg",263,400,true],"odrin_medium":["https:\/\/saga-of-a-new-world.com\/wp-content\/uploads\/2021\/11\/Book-Image-SoaNW-1-Amazon-US-700x700.jpg",700,700,true],"odrin_medium_soft":["https:\/\/saga-of-a-new-world.com\/wp-content\/uploads\/2021\/11\/Book-Image-SoaNW-1-Amazon-US-460x700.jpg",460,700,true],"odrin_large":["https:\/\/saga-of-a-new-world.com\/wp-content\/uploads\/2021\/11\/Book-Image-SoaNW-1-Amazon-US-1300x1300.jpg",1300,1300,true],"odrin_large_soft":["https:\/\/saga-of-a-new-world.com\/wp-content\/uploads\/2021\/11\/Book-Image-SoaNW-1-Amazon-US-855x1300.jpg",855,1300,true],"post-thumbnail":["https:\/\/saga-of-a-new-world.com\/wp-content\/uploads\/2021\/11\/Book-Image-SoaNW-1-Amazon-US-50x50.jpg",50,50,true]},"uagb_author_info":{"display_name":"Ember","author_link":"https:\/\/saga-of-a-new-world.com\/de\/author\/"},"uagb_comment_info":0,"uagb_excerpt":"Read for free. [button id=\"72c063a6f404e5d9c002a9493b199109\" label=\"View on Wattpad\" button_type=\"{\u2039\u00b2\u203abutton_type_select\u2039\u00b2\u203a:\u2039\u00b2\u203anormal_button\u2039\u00b2\u203a,\u2039\u00b2\u203anormal_button\u2039\u00b2\u203a:{\u2039\u00b2\u203alink\u2039\u00b2\u203a:\u2039\u00b2\u203ahttps:\/\/www.wattpad.com\/user\/LKrahn\u2039\u00b2\u203a,\u2039\u00b2\u203atarget\u2039\u00b2\u203a:\u2039\u00b2\u203a_blank\u2039\u00b2\u203a},\u2039\u00b2\u203aproduct_button\u2039\u00b2\u203a:{\u2039\u00b2\u203aproduct\u2039\u00b2\u203a:\u2039\u00b2\u203a156\u2039\u00b2\u203a,\u2039\u00b2\u203aproduct_button_type\u2039\u00b2\u203a:\u2039\u00b2\u203aview_book\u2039\u00b2\u203a}}\" color=\"normal\" hide_on_desktop=\"false\" hide_on_mobile=\"false\" animation_on_scroll=\"{\u2039\u00b2\u203aanimation_enable\u2039\u00b2\u203a:\u2039\u00b2\u203ano\u2039\u00b2\u203a,\u2039\u00b2\u203ayes\u2039\u00b2\u203a:{\u2039\u00b2\u203aanimation_type\u2039\u00b2\u203a:\u2039\u00b2\u203afadeIn\u2039\u00b2\u203a,\u2039\u00b2\u203aanimation_delay\u2039\u00b2\u203a:\u2039\u00b2\u203a0\u2039\u00b2\u203a}}\" __fw_editor_shortcodes_id=\"819c4fd977ec0245988f286f5bf28997\" _array_keys=\"{\u2039\u00b2\u203abutton_type\u2039\u00b2\u203a:\u2039\u00b2\u203abutton_type\u2039\u00b2\u203a,\u2039\u00b2\u203aanimation_on_scroll\u2039\u00b2\u203a:\u2039\u00b2\u203aanimation_on_scroll\u2039\u00b2\u203a}\" _fw_coder=\"aggressive\"][\/button][button id=\"72c063a6f404e5d9c002a9493b199109\" label=\"View on Inkitt\" button_type=\"{\u2039\u00b2\u203abutton_type_select\u2039\u00b2\u203a:\u2039\u00b2\u203anormal_button\u2039\u00b2\u203a,\u2039\u00b2\u203anormal_button\u2039\u00b2\u203a:{\u2039\u00b2\u203alink\u2039\u00b2\u203a:\u2039\u00b2\u203ahttps:\/\/www.inkitt.com\/louisfkrahn\u2039\u00b2\u203a,\u2039\u00b2\u203atarget\u2039\u00b2\u203a:\u2039\u00b2\u203a_blank\u2039\u00b2\u203a},\u2039\u00b2\u203aproduct_button\u2039\u00b2\u203a:{\u2039\u00b2\u203aproduct\u2039\u00b2\u203a:\u2039\u00b2\u203a\u2039\u00b2\u203a,\u2039\u00b2\u203aproduct_button_type\u2039\u00b2\u203a:\u2039\u00b2\u203abuy\u2039\u00b2\u203a}}\" color=\"normal\" hide_on_desktop=\"false\" hide_on_mobile=\"false\" animation_on_scroll=\"{\u2039\u00b2\u203aanimation_enable\u2039\u00b2\u203a:\u2039\u00b2\u203ano\u2039\u00b2\u203a,\u2039\u00b2\u203ayes\u2039\u00b2\u203a:{\u2039\u00b2\u203aanimation_type\u2039\u00b2\u203a:\u2039\u00b2\u203afadeIn\u2039\u00b2\u203a,\u2039\u00b2\u203aanimation_delay\u2039\u00b2\u203a:\u2039\u00b2\u203a0\u2039\u00b2\u203a}}\" __fw_editor_shortcodes_id=\"5ea24e85b8d97a20447f4fcf228c7b7b\" _array_keys=\"{\u2039\u00b2\u203abutton_type\u2039\u00b2\u203a:\u2039\u00b2\u203abutton_type\u2039\u00b2\u203a,\u2039\u00b2\u203aanimation_on_scroll\u2039\u00b2\u203a:\u2039\u00b2\u203aanimation_on_scroll\u2039\u00b2\u203a}\" _fw_coder=\"aggressive\"][\/button]","_links":{"self":[{"href":"https:\/\/saga-of-a-new-world.com\/de\/wp-json\/wp\/v2\/product\/3928","targetHints":{"allow":["GET"]}}],"collection":[{"href":"https:\/\/saga-of-a-new-world.com\/de\/wp-json\/wp\/v2\/product"}],"about":[{"href":"https:\/\/saga-of-a-new-world.com\/de\/wp-json\/wp\/v2\/types\/product"}],"wp:featuredmedia":[{"embeddable":true,"href":"https:\/\/saga-of-a-new-world.com\/de\/wp-json\/wp\/v2\/media\/3687"}],"wp:attachment":[{"href":"https:\/\/saga-of-a-new-world.com\/de\/wp-json\/wp\/v2\/media?parent=3928"}],"wp:term":[{"taxonomy":"product_brand","embeddable":true,"href":"https:\/\/saga-of-a-new-world.com\/de\/wp-json\/wp\/v2\/product_brand?post=3928"},{"taxonomy":"product_cat","embeddable":true,"href":"https:\/\/saga-of-a-new-world.com\/de\/wp-json\/wp\/v2\/product_cat?post=3928"},{"taxonomy":"product_tag","embeddable":true,"href":"https:\/\/saga-of-a-new-world.com\/de\/wp-json\/wp\/v2\/product_tag?post=3928"}],"curies":[{"name":"wp","href":"https:\/\/api.w.org\/{rel}","templated":true}]}}