{"id":4088,"date":"2024-08-12T18:24:31","date_gmt":"2024-08-12T18:24:31","guid":{"rendered":"https:\/\/saga-of-a-new-world.com\/?post_type=product&#038;p=4088"},"modified":"2024-08-12T18:32:35","modified_gmt":"2024-08-12T18:32:35","slug":"lady-europa","status":"publish","type":"product","link":"https:\/\/saga-of-a-new-world.com\/de\/product\/lady-europa\/","title":{"rendered":"Dame Europa"},"content":{"rendered":"","protected":false},"excerpt":{"rendered":"<p>Laden Sie die Druckdateien f\u00fcr das Lady Europa-Poster und das Rutschen- und Leiterspiel herunter, jeweils mit Blanko-Optionen.<\/p>\n<p>Ich hoffe, es gef\u00e4llt Ihnen und Sie k\u00e4mpfen weiter f\u00fcr Demokratie und ein geeintes Europa. Wenn Sie mir eine Spende geben wollen, gibt es eine Pay-what-you-want-Seite <a href=\"https:\/\/saga-of-a-new-world.com\/de\/product\/lady-europa-donation\/\">hier<\/a>.<\/p>","protected":false},"featured_media":4093,"template":"","meta":{"_uag_custom_page_level_css":""},"product_brand":[],"product_cat":[40],"product_tag":[],"class_list":{"0":"post-4088","1":"product","2":"type-product","3":"status-publish","4":"has-post-thumbnail","6":"product_cat-uncategorized","8":"first","9":"instock","10":"downloadable","11":"virtual","12":"product-type-simple"},"uagb_featured_image_src":{"full":["https:\/\/saga-of-a-new-world.com\/wp-content\/uploads\/2024\/08\/front-1.jpg",1637,2315,false],"thumbnail":["https:\/\/saga-of-a-new-world.com\/wp-content\/uploads\/2024\/08\/front-1-150x150.jpg",150,150,true],"medium":["https:\/\/saga-of-a-new-world.com\/wp-content\/uploads\/2024\/08\/front-1-212x300.jpg",212,300,true],"medium_large":["https:\/\/saga-of-a-new-world.com\/wp-content\/uploads\/2024\/08\/front-1-768x1086.jpg",768,1086,true],"large":["https:\/\/saga-of-a-new-world.com\/wp-content\/uploads\/2024\/08\/front-1-724x1024.jpg",724,1024,true],"1536x1536":["https:\/\/saga-of-a-new-world.com\/wp-content\/uploads\/2024\/08\/front-1-1086x1536.jpg",1086,1536,true],"2048x2048":["https:\/\/saga-of-a-new-world.com\/wp-content\/uploads\/2024\/08\/front-1-1448x2048.jpg",1448,2048,true],"trp-custom-language-flag":["https:\/\/saga-of-a-new-world.com\/wp-content\/uploads\/2024\/08\/front-1-8x12.jpg",8,12,true],"woocommerce_thumbnail":["https:\/\/saga-of-a-new-world.com\/wp-content\/uploads\/2024\/08\/front-1-400x400.jpg",400,400,true],"woocommerce_single":["https:\/\/saga-of-a-new-world.com\/wp-content\/uploads\/2024\/08\/front-1-700x990.jpg",700,990,true],"woocommerce_gallery_thumbnail":["https:\/\/saga-of-a-new-world.com\/wp-content\/uploads\/2024\/08\/front-1-100x100.jpg",100,100,true],"odrin_landscape_small":["https:\/\/saga-of-a-new-world.com\/wp-content\/uploads\/2024\/08\/front-1-300x225.jpg",300,225,true],"odrin_landscape_medium":["https:\/\/saga-of-a-new-world.com\/wp-content\/uploads\/2024\/08\/front-1-1000x600.jpg",1000,600,true],"odrin_landscape_large":["https:\/\/saga-of-a-new-world.com\/wp-content\/uploads\/2024\/08\/front-1-1637x1100.jpg",1637,1100,true],"odrin_landscape_wide":["https:\/\/saga-of-a-new-world.com\/wp-content\/uploads\/2024\/08\/front-1-1500x300.jpg",1500,300,true],"odrin_square_small":["https:\/\/saga-of-a-new-world.com\/wp-content\/uploads\/2024\/08\/front-1-100x100.jpg",100,100,true],"odrin_portrait":["https:\/\/saga-of-a-new-world.com\/wp-content\/uploads\/2024\/08\/front-1-400x550.jpg",400,550,true],"odrin_small_soft":["https:\/\/saga-of-a-new-world.com\/wp-content\/uploads\/2024\/08\/front-1-283x400.jpg",283,400,true],"odrin_medium":["https:\/\/saga-of-a-new-world.com\/wp-content\/uploads\/2024\/08\/front-1-700x700.jpg",700,700,true],"odrin_medium_soft":["https:\/\/saga-of-a-new-world.com\/wp-content\/uploads\/2024\/08\/front-1-495x700.jpg",495,700,true],"odrin_large":["https:\/\/saga-of-a-new-world.com\/wp-content\/uploads\/2024\/08\/front-1-1300x1300.jpg",1300,1300,true],"odrin_large_soft":["https:\/\/saga-of-a-new-world.com\/wp-content\/uploads\/2024\/08\/front-1-919x1300.jpg",919,1300,true],"post-thumbnail":["https:\/\/saga-of-a-new-world.com\/wp-content\/uploads\/2024\/08\/front-1-50x50.jpg",50,50,true]},"uagb_author_info":{"display_name":"Ember","author_link":"https:\/\/saga-of-a-new-world.com\/de\/author\/"},"uagb_comment_info":0,"uagb_excerpt":"Download the print files for the Lady Europa poster and chutes and ladders game, each with blank options. I hope you enjoy it and keep fighting for democracy and a united Europe. If you want to give me a donation, there is a pay-what-you-want page here.","_links":{"self":[{"href":"https:\/\/saga-of-a-new-world.com\/de\/wp-json\/wp\/v2\/product\/4088","targetHints":{"allow":["GET"]}}],"collection":[{"href":"https:\/\/saga-of-a-new-world.com\/de\/wp-json\/wp\/v2\/product"}],"about":[{"href":"https:\/\/saga-of-a-new-world.com\/de\/wp-json\/wp\/v2\/types\/product"}],"wp:featuredmedia":[{"embeddable":true,"href":"https:\/\/saga-of-a-new-world.com\/de\/wp-json\/wp\/v2\/media\/4093"}],"wp:attachment":[{"href":"https:\/\/saga-of-a-new-world.com\/de\/wp-json\/wp\/v2\/media?parent=4088"}],"wp:term":[{"taxonomy":"product_brand","embeddable":true,"href":"https:\/\/saga-of-a-new-world.com\/de\/wp-json\/wp\/v2\/product_brand?post=4088"},{"taxonomy":"product_cat","embeddable":true,"href":"https:\/\/saga-of-a-new-world.com\/de\/wp-json\/wp\/v2\/product_cat?post=4088"},{"taxonomy":"product_tag","embeddable":true,"href":"https:\/\/saga-of-a-new-world.com\/de\/wp-json\/wp\/v2\/product_tag?post=4088"}],"curies":[{"name":"wp","href":"https:\/\/api.w.org\/{rel}","templated":true}]}}